{"id":1031,"date":"2025-12-11T13:43:51","date_gmt":"2025-12-11T11:43:51","guid":{"rendered":"https:\/\/airlife-asso.org\/?page_id=1031"},"modified":"2026-01-23T12:34:14","modified_gmt":"2026-01-23T11:34:14","slug":"500-litres-deau-pure-par-jour-dans-un-village-du-togo","status":"publish","type":"page","link":"https:\/\/airlife-asso.org\/en\/500-litres-deau-pure-par-jour-dans-un-village-du-togo","title":{"rendered":"500 liters of pure water a day in a TOGO village"},"content":{"rendered":"<div class=\"wpb-content-wrapper\"><div class=\"vc_wpb_row_inner  \"><div class=\"vc_row wpb_row vc_row-fluid row-container\"><div class=\"container\"><div class=\"row \"><div class=\"wpb_column vc_column_container vc_col-sm-6\"><div class=\"vc_column-inner\"><div class=\"wpb_wrapper\">\n\t<div class=\"wpb_text_column wpb_content_element\" >\n\t\t<div class=\"wpb_wrapper\">\n\t\t\t<h3><span style=\"font-size: 18pt;\"><strong>&nbsp;AGOTOVE, un village d\u00e9pourvu de Tout&#8230;<\/strong><\/span><\/h3>\n<p><span style=\"color: #000000;\">Dans ce village pourtant situ\u00e9 \u00e0 quelques kilom\u00e8tres seulement du chef-lieu (Nots\u00e9 au Togo), aucun signe de modernit\u00e9&#8230;juste quelques lampadaires r\u00e9cemment install\u00e9s et c&rsquo;est tout&#8230;<\/span><\/p>\n<p><span style=\"color: #000000;\">Apr\u00e8s avoir d\u00e9ploy\u00e9 des g\u00e9n\u00e9rateurs d&rsquo;eau atmosph\u00e9rique dans l&rsquo;\u00e9cole situ\u00e9e \u00e0 quelques centaines de m\u00e8tres du centre, <span style=\"text-decoration: underline;\"><strong>AirLife a d\u00e9cid\u00e9 de passer \u00e0 la vitesse sup\u00e9rieure<\/strong><\/span>:<\/span><\/p>\n<p><span style=\"color: #000000;\">Un g\u00e9n\u00e9rateur d&rsquo;eau Atmosph\u00e9rique qui fournit jusqu&rsquo;\u00e0 500 litres d&rsquo;eau pure par jour, au centre du Village !<\/span><\/p>\n<h3><strong>Un litre d&rsquo;eau par jour pour 500 habitants !<\/strong><\/h3>\n\n\t\t<\/div>\n\t<\/div>\n<\/div><\/div><\/div><div class=\"wpb_column vc_column_container vc_col-sm-6\"><div class=\"vc_column-inner\"><div class=\"wpb_wrapper\">\n\t<div  class=\"wpb_single_image wpb_content_element vc_align_left wpb_content_element\">\n\t\t\n\t\t<figure class=\"wpb_wrapper vc_figure\">\n\t\t\t<div class=\"vc_single_image-wrapper   vc_box_border_grey\"><img decoding=\"async\" width=\"4032\" height=\"3024\" src=\"https:\/\/airlife-asso.org\/wp-content\/uploads\/2025\/12\/REUNION2.jpg\" class=\"vc_single_image-img attachment-full\" alt=\"R\u00e9union \u00e0 Agotov\u00e9\" title=\"R\u00e9union \u00e0 Agotov\u00e9\" \/><\/div>\n\t\t<\/figure>\n\t<\/div>\n<\/div><\/div><\/div><\/div><\/div><\/div><\/div><div class=\"vc_wpb_row_inner  vc_custom_1642782227275\"><div class=\"vc_row wpb_row vc_row-fluid row-container vc_row-o-equal-height vc_row-flex\"><div class=\"container\"><div class=\"row vc_row vc_row-o-equal-height vc_row-flex wpb_row vc_row-fluid\"><div class=\"wpb_column vc_column_container vc_col-sm-12 vc_col-has-fill\"><div class=\"vc_column-inner vc_custom_1642782096237\"><div class=\"wpb_wrapper\">\n\t<div class=\"wpb_text_column wpb_content_element vc_custom_1765456848963\" >\n\t\t<div class=\"wpb_wrapper\">\n\t\t\t<h3><span style=\"color: #000000; font-size: 18pt;\"><strong>Un projet Terrain utile et innovant qui a d\u00e9marr\u00e9 !<\/strong><\/span><\/h3>\n<p><span style=\"color: #000000;\">En 2024 AirLife a commenc\u00e9 avec les habitants du Village et l&rsquo;ONG locale APESMIR \u00e0 d\u00e9finir le lieu pr\u00e9cis de l&#8217;emplacement de la future Solution<\/span><\/p>\n<p><span style=\"color: #000000;\">puis en 2025, Nous avons commenc\u00e9 \u00e0 faire construire la cabine solaire au centre du village et <strong><span style=\"text-decoration: underline;\">l&rsquo;<strong>a<\/strong>vons \u00e9quip\u00e9e des meilleures solutions du march\u00e9 photovolta\u00efque<\/span><\/strong> (Victron Energy) avec notre partenaire installateur (YOORG).<\/span><\/p>\n<p>&nbsp;<\/p>\n<h4><span style=\"color: #000000;\">D\u00e9sormais, en 2026 nous allons d\u00e9ployer cette fameuse machine qui va changer la vie de tout un village !<\/span><\/h4>\n\n\t\t<\/div>\n\t<\/div>\n<\/div><\/div><\/div><\/div><\/div><\/div><\/div><div class=\"vc_wpb_row_inner  vc_custom_1642791521356\"><div class=\"vc_row wpb_row vc_row-fluid row-container\"><div class=\"container\"><div class=\"row \"><div class=\"wpb_column vc_column_container vc_col-sm-6\"><div class=\"vc_column-inner\"><div class=\"wpb_wrapper\">\n\t<div class=\"wpb_text_column wpb_content_element\" >\n\t\t<div class=\"wpb_wrapper\">\n\t\t\t<h3><span style=\"font-size: 18pt;\">&nbsp;LES FAMEUSES MACHINES QUI TRANSFORMENT L&rsquo;AIR EN EAU POTABLE !<\/span><\/h3>\n<p><span style=\"color: #000000;\">Ces machines sont des g\u00e9n\u00e9rateurs d&rsquo;eau atmosph\u00e9rique, elles repr\u00e9sentent une perc\u00e9e technologique incroyable. Elles&nbsp; cr\u00e9ent de l&rsquo;eau potable pure et fra\u00eeche \u00e0 partir de l&rsquo;air que nous respirons.<\/span><\/p>\n<p><span style=\"color: #000000;\">L&rsquo;efficacit\u00e9 des AWG (\u00ab\u00a0Atmospheric Water Generator\u00a0\u00bb) est proportionnelle \u00e0 l&rsquo;humidit\u00e9 et \u00e0 la temp\u00e9rature de l&rsquo;air.<\/span><\/p>\n<p><span style=\"text-decoration: underline;\"><strong><span style=\"color: #000000; text-decoration: underline;\">Les conditions m\u00e9t\u00e9orologiques sont id\u00e9ales au Togo pour faire fonctionner de mani\u00e8re optimale ces machines.<\/span><\/strong><\/span><\/p>\n<p><span style=\"color: #000000;\">L&rsquo;eau produite par l&rsquo;AWG convertissant l&rsquo;humidit\u00e9 de l&rsquo;air en eau ne contient aucun contaminant, bact\u00e9rie ou autre micro-organisme.<\/span><\/p>\n<p><span style=\"color: #000000;\">Cette technologie permet d&rsquo;apporter de l&rsquo;eau potable et pure dans les endroits o\u00f9 les conditions d&rsquo;acc\u00e8s \u00e0 l&rsquo;eau sont difficiles et ne permettent pas d&rsquo;alternatives comme par exemple :<\/span><\/p>\n<p><span style=\"color: #000000;\">\u00b7&nbsp; &nbsp; &nbsp; &nbsp;<strong> L\u00e0 o\u00f9 les camions d&rsquo;eau ne peuvent passer<\/strong><\/span><\/p>\n<p><span style=\"color: #000000;\">\u00b7&nbsp; &nbsp; &nbsp; &nbsp; <strong>Quand l&rsquo;eau souterraine (nappes, forages) est contamin\u00e9e (en particulier par les Nitrates)<\/strong><\/span><\/p>\n<p><span style=\"color: #000000;\">\u00b7&nbsp; &nbsp; &nbsp; &nbsp; <strong>Lorsqu&rsquo;on est loin des c\u00f4tes et des usines de d\u00e9salinisation<\/strong><\/span><\/p>\n<p><span style=\"color: #000000;\">\u00b7&nbsp; &nbsp; &nbsp; &nbsp; <\/span><strong><span style=\"color: #000000;\">Lorsque l&rsquo;approvisionnement est incertain (coupure, s\u00e9cheresses<\/span>)<\/strong><\/p>\n<p><span style=\"color: #000000;\">Avec le soutien du D\u00e9partement 13, AirLife a d\u00e9j\u00e0 d\u00e9ploy\u00e9 la \u00ab\u00a0Cabine Solaire\u00a0\u00bb qui va permettre d&rsquo;alimenter le G\u00e9n\u00e9rateur d&rsquo;eau et qui fournit en attendant la lumi\u00e8re et l&rsquo;\u00e9lectricit\u00e9 au village<\/span><\/p>\n\n\t\t<\/div>\n\t<\/div>\n<div class=\"wpb_images_carousel wpb_content_element vc_clearfix wpb_content_element wpb_animate_when_almost_visible wpb_bounceInDown bounceInDown\"><div class=\"wpb_wrapper\"><div id=\"vc_images-carousel-1-1777622830\" data-ride=\"vc_carousel\" data-wrap=\"true\" style=\"width: 100%;\" data-interval=\"3000\" data-auto-height=\"yes\" data-mode=\"horizontal\" data-partial=\"false\" data-per-view=\"2\" data-hide-on-end=\"false\" class=\"vc_slide vc_images_carousel\"><ol class=\"vc_carousel-indicators\"><li data-target=\"#vc_images-carousel-1-1777622830\" data-slide-to=\"0\"><\/li><li data-target=\"#vc_images-carousel-1-1777622830\" data-slide-to=\"1\"><\/li><li data-target=\"#vc_images-carousel-1-1777622830\" data-slide-to=\"2\"><\/li><li data-target=\"#vc_images-carousel-1-1777622830\" data-slide-to=\"3\"><\/li><li data-target=\"#vc_images-carousel-1-1777622830\" data-slide-to=\"4\"><\/li><li data-target=\"#vc_images-carousel-1-1777622830\" data-slide-to=\"5\"><\/li><li data-target=\"#vc_images-carousel-1-1777622830\" data-slide-to=\"6\"><\/li><li data-target=\"#vc_images-carousel-1-1777622830\" data-slide-to=\"7\"><\/li><li data-target=\"#vc_images-carousel-1-1777622830\" data-slide-to=\"8\"><\/li><\/ol><div class=\"vc_carousel-inner\"><div class=\"vc_carousel-slideline\"><div class=\"vc_carousel-slideline-inner\"><div class=\"vc_item\"><div class=\"vc_inner\"><a class=\"\" href=\"https:\/\/airlife-asso.org\/wp-content\/uploads\/2025\/06\/Cabine15-1024x768.jpg\" data-lightbox=\"lightbox[rel-1031-293732617]\"><img decoding=\"async\" width=\"1600\" height=\"1200\" src=\"https:\/\/airlife-asso.org\/wp-content\/uploads\/2025\/06\/Cabine15.jpg\" class=\"attachment-full\" alt=\"\" title=\"Cabine15\" \/><\/a><\/div><\/div><div class=\"vc_item\"><div class=\"vc_inner\"><a class=\"\" href=\"https:\/\/airlife-asso.org\/wp-content\/uploads\/2025\/06\/Cabine18-1024x768.jpg\" data-lightbox=\"lightbox[rel-1031-293732617]\"><img decoding=\"async\" width=\"4032\" height=\"3024\" src=\"https:\/\/airlife-asso.org\/wp-content\/uploads\/2025\/06\/Cabine18-scaled.jpg\" class=\"attachment-full\" alt=\"\" title=\"Cabine18\" \/><\/a><\/div><\/div><div class=\"vc_item\"><div class=\"vc_inner\"><a class=\"\" href=\"https:\/\/airlife-asso.org\/wp-content\/uploads\/2025\/01\/WhatsApp-Image-2025-01-02-a-07.57.30_f60a1bda-1024x768.jpg\" data-lightbox=\"lightbox[rel-1031-293732617]\"><img decoding=\"async\" width=\"1280\" height=\"960\" src=\"https:\/\/airlife-asso.org\/wp-content\/uploads\/2025\/01\/WhatsApp-Image-2025-01-02-a-07.57.30_f60a1bda.jpg\" class=\"attachment-full\" alt=\"\" title=\"WhatsApp Image 2025-01-02 \u00e0 07.57.30_f60a1bda\" \/><\/a><\/div><\/div><div class=\"vc_item\"><div class=\"vc_inner\"><a class=\"\" href=\"https:\/\/airlife-asso.org\/wp-content\/uploads\/2025\/06\/cropped-IMG_1275-scaled-1.jpg\" data-lightbox=\"lightbox[rel-1031-293732617]\"><img decoding=\"async\" width=\"512\" height=\"512\" src=\"https:\/\/airlife-asso.org\/wp-content\/uploads\/2025\/06\/cropped-IMG_1275-scaled-1.jpg\" class=\"attachment-full\" alt=\"\" title=\"IMG_1275\" \/><\/a><\/div><\/div><div class=\"vc_item\"><div class=\"vc_inner\"><a class=\"\" href=\"https:\/\/airlife-asso.org\/wp-content\/uploads\/2025\/06\/Cabine2-1024x768.jpg\" data-lightbox=\"lightbox[rel-1031-293732617]\"><img decoding=\"async\" width=\"2560\" height=\"1920\" src=\"https:\/\/airlife-asso.org\/wp-content\/uploads\/2025\/06\/Cabine2-scaled.jpg\" class=\"attachment-full\" alt=\"\" title=\"Cabine2\" \/><\/a><\/div><\/div><div class=\"vc_item\"><div class=\"vc_inner\"><a class=\"\" href=\"https:\/\/airlife-asso.org\/wp-content\/uploads\/2025\/06\/IMG_1306-1024x768.jpg\" data-lightbox=\"lightbox[rel-1031-293732617]\"><img decoding=\"async\" width=\"2560\" height=\"1920\" src=\"https:\/\/airlife-asso.org\/wp-content\/uploads\/2025\/06\/IMG_1306-scaled.jpg\" class=\"attachment-full\" alt=\"\" title=\"IMG_1306\" \/><\/a><\/div><\/div><div class=\"vc_item\"><div class=\"vc_inner\"><a class=\"\" href=\"https:\/\/airlife-asso.org\/wp-content\/uploads\/2025\/06\/IMG_1217-1024x768.jpg\" data-lightbox=\"lightbox[rel-1031-293732617]\"><img decoding=\"async\" width=\"2560\" height=\"1920\" src=\"https:\/\/airlife-asso.org\/wp-content\/uploads\/2025\/06\/IMG_1217-scaled.jpg\" class=\"attachment-full\" alt=\"\" title=\"IMG_1217\" \/><\/a><\/div><\/div><div class=\"vc_item\"><div class=\"vc_inner\"><a class=\"\" href=\"https:\/\/airlife-asso.org\/wp-content\/uploads\/2025\/06\/Cabine8-1024x768.jpg\" data-lightbox=\"lightbox[rel-1031-293732617]\"><img decoding=\"async\" width=\"2560\" height=\"1920\" src=\"https:\/\/airlife-asso.org\/wp-content\/uploads\/2025\/06\/Cabine8-scaled.jpg\" class=\"attachment-full\" alt=\"\" title=\"Cabine8\" \/><\/a><\/div><\/div><div class=\"vc_item\"><div class=\"vc_inner\"><a class=\"\" href=\"https:\/\/airlife-asso.org\/wp-content\/uploads\/2025\/06\/IMG_1282-1024x768.jpg\" data-lightbox=\"lightbox[rel-1031-293732617]\"><img decoding=\"async\" width=\"2560\" height=\"1920\" src=\"https:\/\/airlife-asso.org\/wp-content\/uploads\/2025\/06\/IMG_1282-scaled.jpg\" class=\"attachment-full\" alt=\"\" title=\"IMG_1282\" \/><\/a><\/div><\/div><\/div><\/div><\/div><a class=\"vc_left vc_carousel-control\" href=\"#vc_images-carousel-1-1777622830\" data-slide=\"prev\"><span class=\"icon-prev\"><\/span><\/a><a class=\"vc_right vc_carousel-control\" href=\"#vc_images-carousel-1-1777622830\" data-slide=\"next\"><span class=\"icon-next\"><\/span><\/a><\/div><\/div><\/div><\/div><\/div><\/div><div class=\"wpb_column vc_column_container vc_col-sm-6\"><div class=\"vc_column-inner vc_custom_1642782779299\"><div class=\"wpb_wrapper\"><div class=\"wpb_images_carousel wpb_content_element vc_clearfix wpb_content_element\"><div class=\"wpb_wrapper\"><div id=\"vc_images-carousel-2-1777622830\" data-ride=\"vc_carousel\" data-wrap=\"false\" style=\"width: 100%;\" data-interval=\"0\" data-auto-height=\"yes\" data-mode=\"horizontal\" data-partial=\"false\" data-per-view=\"1\" data-hide-on-end=\"true\" class=\"vc_slide vc_images_carousel\"><ol class=\"vc_carousel-indicators\"><li data-target=\"#vc_images-carousel-2-1777622830\" data-slide-to=\"0\"><\/li><\/ol><div class=\"vc_carousel-inner\"><div class=\"vc_carousel-slideline\"><div class=\"vc_carousel-slideline-inner\"><div class=\"vc_item\"><div class=\"vc_inner\"><img decoding=\"async\" width=\"856\" height=\"539\" src=\"https:\/\/airlife-asso.org\/wp-content\/uploads\/2025\/12\/C500.png\" class=\"attachment-full\" alt=\"G\u00e9n\u00e9rateur eau Atmosph\u00e9rique C500\" title=\"C500\" \/><\/div><\/div><\/div><\/div><\/div><a class=\"vc_left vc_carousel-control\" href=\"#vc_images-carousel-2-1777622830\" data-slide=\"prev\"><span class=\"icon-prev\"><\/span><\/a><a class=\"vc_right vc_carousel-control\" href=\"#vc_images-carousel-2-1777622830\" data-slide=\"next\"><span class=\"icon-next\"><\/span><\/a><\/div><\/div><\/div>\n\t<div class=\"wpb_text_column wpb_content_element\" >\n\t\t<div class=\"wpb_wrapper\">\n\t\t\t<p><span style=\"color: #000000;\">Avec simplement une source d&rsquo;Energie durable, le C500 produit de l&rsquo;eau pure issue de l&rsquo;Air<\/span><\/p>\n<p><span style=\"color: #000000;\">Une eau presque gratuite \u00e0 produire une fois la machine financ\u00e9e<\/span><\/p>\n<h2><span style=\"text-decoration: underline;\"><strong><span style=\"color: #000000; text-decoration: underline;\">Pure, fra\u00eeche et Min\u00e9ralis\u00e9e<\/span><\/strong><\/span><\/h2>\n<h3><span style=\"color: #000000;\">Qui dit mieux ?&nbsp;<\/span><\/h3>\n\n\t\t<\/div>\n\t<\/div>\n<\/div><\/div><\/div><\/div><\/div><\/div><\/div><div class=\"vc_wpb_row_inner  vc_custom_1643063521398\"><div class=\"vc_row wpb_row vc_row-fluid row-container\"><div class=\"container\"><div class=\"row \"><div class=\"wpb_column vc_column_container vc_col-sm-12\"><div class=\"vc_column-inner\"><div class=\"wpb_wrapper\"><div class=\"vc_row wpb_row vc_inner vc_row-fluid\"><div class=\"wpb_column vc_column_container vc_col-sm-3\"><div class=\"vc_column-inner\"><div class=\"wpb_wrapper\"><div class=\"vc_icon_element vc_icon_element-outer vc_do_icon vc_icon_element-align-center\"><div class=\"vc_icon_element-inner vc_icon_element-color-white vc_icon_element-size-xl vc_icon_element-style- vc_icon_element-background-color-grey\" ><span class=\"vc_icon_element-icon fas fa-hands-helping\" ><\/span><\/div><\/div>\n\t<div class=\"wpb_text_column wpb_content_element\" >\n\t\t<div class=\"wpb_wrapper\">\n\t\t\t<h2 style=\"text-align: center;\"><span style=\"color: #ffffff;\">ENGAGEMENT<\/span><\/h2>\n\n\t\t<\/div>\n\t<\/div>\n<\/div><\/div><\/div><div class=\"wpb_column vc_column_container vc_col-sm-3\"><div class=\"vc_column-inner\"><div class=\"wpb_wrapper\"><div class=\"vc_icon_element vc_icon_element-outer vc_do_icon vc_icon_element-align-center\"><div class=\"vc_icon_element-inner vc_icon_element-color-white vc_icon_element-size-xl vc_icon_element-style- vc_icon_element-background-color-grey\" ><span class=\"vc_icon_element-icon fas fa-check-double\" ><\/span><\/div><\/div>\n\t<div class=\"wpb_text_column wpb_content_element\" >\n\t\t<div class=\"wpb_wrapper\">\n\t\t\t<h2 style=\"text-align: center;\"><span style=\"color: #ffffff;\">PRAGMATISME<\/span><\/h2>\n\n\t\t<\/div>\n\t<\/div>\n<\/div><\/div><\/div><div class=\"wpb_column vc_column_container vc_col-sm-3\"><div class=\"vc_column-inner\"><div class=\"wpb_wrapper\"><div class=\"vc_icon_element vc_icon_element-outer vc_do_icon vc_icon_element-align-center\"><div class=\"vc_icon_element-inner vc_icon_element-color-white vc_icon_element-size-xl vc_icon_element-style- vc_icon_element-background-color-grey\" ><span class=\"vc_icon_element-icon fas fa-users\" ><\/span><\/div><\/div>\n\t<div class=\"wpb_text_column wpb_content_element\" >\n\t\t<div class=\"wpb_wrapper\">\n\t\t\t<h2 style=\"text-align: center;\"><span style=\"color: #ffffff;\">PARTAGE<\/span><\/h2>\n\n\t\t<\/div>\n\t<\/div>\n<\/div><\/div><\/div><div class=\"wpb_column vc_column_container vc_col-sm-3\"><div class=\"vc_column-inner\"><div class=\"wpb_wrapper\"><div class=\"vc_icon_element vc_icon_element-outer vc_do_icon vc_icon_element-align-center\"><div class=\"vc_icon_element-inner vc_icon_element-color-white vc_icon_element-size-xl vc_icon_element-style- vc_icon_element-background-color-grey\" ><span class=\"vc_icon_element-icon fas fa-history\" ><\/span><\/div><\/div>\n\t<div class=\"wpb_text_column wpb_content_element\" >\n\t\t<div class=\"wpb_wrapper\">\n\t\t\t<h2 style=\"text-align: center;\"><span style=\"color: #ffffff;\">PERENNITE<\/span><\/h2>\n\n\t\t<\/div>\n\t<\/div>\n<\/div><\/div><\/div><\/div><\/div><\/div><\/div><\/div><\/div><\/div><\/div><div class=\"vc_wpb_row_inner  vc_custom_1642791535491\"><div class=\"vc_row wpb_row vc_row-fluid row-container\"><div class=\"container\"><div class=\"row \"><div class=\"wpb_column vc_column_container vc_col-sm-4\"><div class=\"vc_column-inner\"><div class=\"wpb_wrapper\">\n\t<div class=\"wpb_text_column wpb_content_element vc_custom_1765457057316\" >\n\t\t<div class=\"wpb_wrapper\">\n\t\t\t<h3><span style=\"font-size: 18pt; color: #000000;\"><strong>NOTRE AMBITION :<\/strong><\/span><\/h3>\n<ul style=\"list-style-type: circle;\">\n<li><span style=\"color: #000000;\">A court terme : mettre en place une Solution Innovante d&rsquo;Acc\u00e8s \u00e0 l&rsquo;eau pour 500 habitants d&rsquo;Agotov\u00e9<\/span><\/li>\n<li><span style=\"color: #000000;\">Organiser un Comit\u00e9 de Villageois qui va g\u00e9rer leur \u00ab\u00a0bien commun\u00a0\u00bb et participer \u00e0 la p\u00e9rennit\u00e9 des installations<\/span><\/li>\n<li><span style=\"color: #000000;\">A plus long terme : d\u00e9ployer ces solutions avec le concours d&rsquo;un maximum d\u2019associations dans le monde<\/span><\/li>\n<\/ul>\n\n\t\t<\/div>\n\t<\/div>\n\n\t<div class=\"wpb_text_column wpb_content_element vc_custom_1765458128621\" >\n\t\t<div class=\"wpb_wrapper\">\n\t\t\t<h4 style=\"text-align: center;\">\u00ab\u00a0<i>de l&rsquo;eau et de l&rsquo;\u00e9nergie grace \u00e0 nos solutions si peu connues pour le moment, c&rsquo;est exaltant n&rsquo;est ce pas ?<\/i><\/h4>\n<h4 style=\"text-align: center;\"><i>Ecrivez nous, rejoignez nous soutenez nous -:)\u00a0\u00bb<\/i><\/h4>\n<p>&nbsp;<\/p>\n\n\t\t<\/div>\n\t<\/div>\n<\/div><\/div><\/div><div class=\"wpb_column vc_column_container vc_col-sm-4\"><div class=\"vc_column-inner\"><div class=\"wpb_wrapper\">\n\t<div  class=\"wpb_single_image wpb_content_element vc_align_left wpb_content_element\">\n\t\t\n\t\t<figure class=\"wpb_wrapper vc_figure\">\n\t\t\t<div class=\"vc_single_image-wrapper   vc_box_border_grey\"><img decoding=\"async\" width=\"666\" height=\"1000\" src=\"https:\/\/airlife-asso.org\/wp-content\/uploads\/2022\/01\/A8AMT4-WEB.jpg\" class=\"vc_single_image-img attachment-full\" alt=\"\" title=\"Woman collecting water from the Baro river , Gambella , Ethiopia. Image shot 2005. Exact date unknown.\" \/><\/div>\n\t\t<\/figure>\n\t<\/div>\n<\/div><\/div><\/div><div class=\"wpb_column vc_column_container vc_col-sm-4\"><div class=\"vc_column-inner\"><div class=\"wpb_wrapper\"><div class=\"vc_btn3-container vc_btn3-left vc_do_btn\" ><a class=\"vc_general vc_btn3 vc_btn3-size-lg vc_btn3-shape-square vc_btn3-style-modern vc_btn3-block vc_btn3-icon-left vc_btn3-color-grey\" href=\"https:\/\/airdrink-64841f1d0d294.assoconnect.com\/collect\/description\/323715-a-campagne-de-dons-pour-le-togo\" title=\"\"><i class=\"vc_btn3-icon fas fa-coins\"><\/i> Faire un don<\/a><\/div><div class=\"vc_btn3-container vc_btn3-left vc_do_btn\" ><a class=\"vc_general vc_btn3 vc_btn3-size-md vc_btn3-shape-square vc_btn3-style-modern vc_btn3-block vc_btn3-icon-left vc_btn3-color-grey\" href=\"http:\/\/airlife-asso.org\/projets\" title=\"Nos projets\"><i class=\"vc_btn3-icon fas fa-arrow-alt-circle-right\"><\/i> D\u00e9couvrir nos projets<\/a><\/div><div class=\"vc_btn3-container vc_btn3-left vc_do_btn\" ><a class=\"vc_general vc_btn3 vc_btn3-size-lg vc_btn3-shape-square vc_btn3-style-modern vc_btn3-block vc_btn3-icon-left vc_btn3-color-grey\" href=\"http:\/\/airlife-asso.org\/contact\" title=\"Nos projets\"><i class=\"vc_btn3-icon fas fa-envelope\"><\/i> Nous contacter<\/a><\/div><\/div><\/div><\/div><\/div><\/div><\/div><\/div><div class=\"vc_wpb_row_inner  \"><div class=\"vc_row wpb_row vc_row-fluid row-container\"><div class=\"container\"><div class=\"row \"><div class=\"wpb_column vc_column_container vc_col-sm-12\"><div class=\"vc_column-inner\"><div class=\"wpb_wrapper\">\n\t<div class=\"wpb_text_column wpb_content_element\" >\n\t\t<div class=\"wpb_wrapper\">\n\t\t\t<p><!-- Google tag (gtag.js) --> <script async=\"\" src=\"https:\/\/www.googletagmanager.com\/gtag\/js?id=AW-11147637491\"><\/script> <script> window.dataLayer = window.dataLayer || []; function gtag(){dataLayer.push(arguments);} gtag('js', new Date()); gtag('config', 'AW-11147637491'); <\/script><\/p>\n\n\t\t<\/div>\n\t<\/div>\n<\/div><\/div><\/div><\/div><\/div><\/div><\/div><\/div>","protected":false},"excerpt":{"rendered":"&nbsp;AGOTOVE, un village d\u00e9pourvu de Tout... Dans ce village pourtant situ\u00e9 \u00e0 quelques kilom\u00e8tres seulement du chef-lieu (Nots\u00e9 au Togo), aucun signe de modernit\u00e9...juste quelques lampadaires r\u00e9cemment install\u00e9s et c'est tout... Apr\u00e8s avoir d\u00e9ploy\u00e9 des g\u00e9n\u00e9rateurs d'eau atmosph\u00e9rique dans l'\u00e9cole situ\u00e9e \u00e0 quelques centaines de m\u00e8tres du centre, AirLife a d\u00e9cid\u00e9 de passer \u00e0 la [...]","protected":false},"author":1,"featured_media":0,"parent":0,"menu_order":0,"comment_status":"closed","ping_status":"closed","template":"","meta":{"ngg_post_thumbnail":0,"footnotes":""},"class_list":["post-1031","page","type-page","status-publish","hentry"],"_links":{"self":[{"href":"https:\/\/airlife-asso.org\/en\/wp-json\/wp\/v2\/pages\/1031","targetHints":{"allow":["GET"]}}],"collection":[{"href":"https:\/\/airlife-asso.org\/en\/wp-json\/wp\/v2\/pages"}],"about":[{"href":"https:\/\/airlife-asso.org\/en\/wp-json\/wp\/v2\/types\/page"}],"author":[{"embeddable":true,"href":"https:\/\/airlife-asso.org\/en\/wp-json\/wp\/v2\/users\/1"}],"replies":[{"embeddable":true,"href":"https:\/\/airlife-asso.org\/en\/wp-json\/wp\/v2\/comments?post=1031"}],"version-history":[{"count":26,"href":"https:\/\/airlife-asso.org\/en\/wp-json\/wp\/v2\/pages\/1031\/revisions"}],"predecessor-version":[{"id":1087,"href":"https:\/\/airlife-asso.org\/en\/wp-json\/wp\/v2\/pages\/1031\/revisions\/1087"}],"wp:attachment":[{"href":"https:\/\/airlife-asso.org\/en\/wp-json\/wp\/v2\/media?parent=1031"}],"curies":[{"name":"wp","href":"https:\/\/api.w.org\/{rel}","templated":true}]}}