{"id":177,"date":"2022-03-26T13:47:22","date_gmt":"2022-03-26T13:47:22","guid":{"rendered":"https:\/\/airlife-asso.org\/?page_id=177"},"modified":"2025-11-06T18:22:59","modified_gmt":"2025-11-06T16:22:59","slug":"adherer","status":"publish","type":"page","link":"https:\/\/airlife-asso.org\/en\/adherer","title":{"rendered":"Join"},"content":{"rendered":"<div class=\"wpb-content-wrapper\"><div class=\"vc_wpb_row_inner\"><div class=\"vc_row wpb_row vc_row-fluid row-container\"><div class=\"container\"><div class=\"row\"><div class=\"wpb_column vc_column_container vc_col-sm-12\"><div class=\"vc_column-inner\"><div class=\"wpb_wrapper\">\n\t<div class=\"wpb_text_column wpb_content_element\" >\n\t\t<div class=\"wpb_wrapper\">\n\t\t\t<p style=\"text-align: center;\">We invite you to participate in this great adventure by joining and making a donation to&nbsp;<strong>funding for future AirLife missions<\/strong>,<\/p>\n<p style=\"text-align: center;\">Your support helps women, men and children gain access to clean water<\/p>\n<p style=\"text-align: center;\"><span style=\"font-size: 14pt;\"><b style=\"font-size: 14pt;\">AirLife is recognized as an Association of General Interest, so 66% of your donations will give rise to a tax deduction of<\/b><span style=\"font-size: 18.6667px;\"><b>taxes<\/b><\/span><b style=\"font-size: 14pt;\">&nbsp; !!&nbsp;<\/b><\/span><\/p>\n<p>&nbsp;&nbsp;<\/p>\n<p style=\"text-align: center;\"><img decoding=\"async\" class=\"wp-image-92\" src=\"https:\/\/airlife-asso.org\/wp-content\/uploads\/2022\/01\/A8AMT4-WEB-666x510.jpg\" alt=\"\" width=\"410\" height=\"314\"><img decoding=\"async\" class=\"alignnone wp-image-1021\" src=\"https:\/\/airlife-asso.org\/wp-content\/uploads\/2025\/11\/Association-reconnue-dinteret-general--750x510.png\" alt=\"\" width=\"460\" height=\"313\"><\/p>\n<p><!-- \/wp:post-content --><\/p>\n<p><!-- wp:html --><br \/><iframe id=\"iframe_assoconnect\" style=\"overflow: hidden; border: 0; max-height: none;\" src=\"https:\/\/airdrink-64841f1d0d294.assoconnect.com\/collect\/description\/323721-j-adhesion-annuelle?iframe=1\" width=\"100%\" scrolling=\"no\"><\/iframe><script>window.addEventListener(\"message\", function(event) {if(event.data.action === \"iframe.height\" && event.origin === \"https:\/\/airdrink-64841f1d0d294.assoconnect.com\"){document.getElementById(\"iframe_assoconnect\").height = event.data.height;}});<\/script><\/p>\n<style>#iframe_assoconnect{border: 0}<\/style>\n<p><!-- \/wp:html -->&nbsp;<\/p>\n<p>&nbsp;<\/p>\n<p>&nbsp;<\/p>\n<p>&nbsp;<\/p>\n<p>&nbsp;<\/p>\n<p>&nbsp;<\/p>\n<p><!-- wp:html -->&nbsp;<\/p>\n<p><!-- Google tag (gtag.js) --><script async=\"\" src=\"https:\/\/www.googletagmanager.com\/gtag\/js?id=AW-11147637491\"><\/script> <script> window.dataLayer = window.dataLayer || []; function gtag(){dataLayer.push(arguments);} gtag('js', new Date()); gtag('config', 'AW-11147637491'); <\/script><\/p>\n<p><!-- \/wp:html -->&nbsp;<\/p>\n<p><!-- wp:html \/-->&nbsp;<\/p>\n\n\t\t<\/div>\n\t<\/div>\n<\/div><\/div><\/div><\/div><\/div><\/div><\/div><\/div>","protected":false},"excerpt":{"rendered":"Nous vous proposons de participer \u00e0 cette belle aventure en adh\u00e9rant et en faisant un don pour&nbsp;le financement des prochaines missions d'AirLife, Votre soutien contribue \u00e0 aider des femmes, des hommes et des enfants \u00e0 acc\u00e9der \u00e0 l\u2019eau potable AirLife est reconnue Association d'int\u00e9r\u00eat G\u00e9n\u00e9ral, ainsi 66% de vos dons donneront lieu \u00e0 une d\u00e9duction [...]","protected":false},"author":1,"featured_media":0,"parent":0,"menu_order":0,"comment_status":"closed","ping_status":"closed","template":"","meta":{"ngg_post_thumbnail":0,"footnotes":""},"class_list":["post-177","page","type-page","status-publish","hentry"],"_links":{"self":[{"href":"https:\/\/airlife-asso.org\/en\/wp-json\/wp\/v2\/pages\/177","targetHints":{"allow":["GET"]}}],"collection":[{"href":"https:\/\/airlife-asso.org\/en\/wp-json\/wp\/v2\/pages"}],"about":[{"href":"https:\/\/airlife-asso.org\/en\/wp-json\/wp\/v2\/types\/page"}],"author":[{"embeddable":true,"href":"https:\/\/airlife-asso.org\/en\/wp-json\/wp\/v2\/users\/1"}],"replies":[{"embeddable":true,"href":"https:\/\/airlife-asso.org\/en\/wp-json\/wp\/v2\/comments?post=177"}],"version-history":[{"count":22,"href":"https:\/\/airlife-asso.org\/en\/wp-json\/wp\/v2\/pages\/177\/revisions"}],"predecessor-version":[{"id":1023,"href":"https:\/\/airlife-asso.org\/en\/wp-json\/wp\/v2\/pages\/177\/revisions\/1023"}],"wp:attachment":[{"href":"https:\/\/airlife-asso.org\/en\/wp-json\/wp\/v2\/media?parent=177"}],"curies":[{"name":"wp","href":"https:\/\/api.w.org\/{rel}","templated":true}]}}