{"id":2,"date":"2020-10-11T15:23:28","date_gmt":"2020-10-11T15:23:28","guid":{"rendered":"https:\/\/airlife-asso.org\/?page_id=2"},"modified":"2025-12-16T11:43:11","modified_gmt":"2025-12-16T10:43:11","slug":"sample-page","status":"publish","type":"page","link":"https:\/\/airlife-asso.org\/en\/","title":{"rendered":"AIRLIFE - Association - Drink the water of the Air!"},"content":{"rendered":"<div class=\"wpb-content-wrapper\"><section data-vc-full-width=\"true\" data-vc-full-width-temp=\"true\" data-vc-full-width-init=\"false\" class=\"vc_section vc_custom_1642779434165 vc_section-has-fill vc_section-o-content-top vc_section-flex\"><div class=\"vc_wpb_row_inner  vc_custom_1642779238806\"><div class=\"vc_row wpb_row vc_row-fluid row-container\"><div class=\"container\"><div class=\"row\"><div class=\"wpb_column vc_column_container vc_col-sm-6\"><div class=\"vc_column-inner\"><div class=\"wpb_wrapper\">\n\t<div class=\"wpb_text_column wpb_content_element\" >\n\t\t<div class=\"wpb_wrapper\">\n\t\t\t<h3><span style=\"font-size: 14pt; font-family: 'arial black', sans-serif;\">AirLife - Drink the water of Air!<\/span><\/h3>\n<p><span style=\"color: #000000;\"><strong>AirLife Association... is above all a human story.<\/strong><\/span><\/p>\n<p><span style=\"color: #000000;\">We are a young, field-oriented association, aware that access to water is a universal cause that deserves to be defended...<\/span><\/p>\n<p><span style=\"color: #000000;\">AirLife implements Innovative Solutions: <span style=\"text-decoration: underline;\"><strong>Atmospheric water generators.<\/strong><\/span> These solutions produce pure, fresh, mineralized water from air humidity...<\/span><\/p>\n<p><span style=\"color: #000000;\">We're convinced that these solutions will gradually gain in popularity, bringing pure water closer to the people who need it,<\/span> <strong><span style=\"color: #000000;\">In 2026, AirLife will deploy a 500-liter\/day water generator in the heart of the village of Agotov\u00e9 in Togo.<\/span><\/strong>.<\/p>\n<p><a href=\"https:\/\/airlife-asso.org\/en\/a-propos\/\">&gt; read more<\/a><\/p>\n\n\t\t<\/div>\n\t<\/div>\n<\/div><\/div><\/div><div class=\"wpb_column vc_column_container vc_col-sm-6\"><div class=\"vc_column-inner\"><div class=\"wpb_wrapper\">\n\t<div class=\"wpb_video_widget wpb_content_element vc_clearfix   vc_video-aspect-ratio-169 vc_video-el-width-100 vc_video-align-left\" >\n\t\t<div class=\"wpb_wrapper\">\n\t\t\t\n\t\t\t<div class=\"wpb_video_wrapper\"><iframe title=\"Airdrink - drinking water for Togolese villages\" width=\"500\" height=\"281\" src=\"https:\/\/www.youtube.com\/embed\/zxSsA6xb_ZQ?feature=oembed\" frameborder=\"0\" allow=\"accelerometer; autoplay; clipboard-write; encrypted-media; gyroscope; picture-in-picture; web-share\" allowfullscreen><\/iframe><\/div>\n\t\t<\/div>\n\t<\/div>\n\n\t<div class=\"wpb_video_widget wpb_content_element vc_clearfix   vc_video-aspect-ratio-169 vc_video-el-width-100 vc_video-align-left\" >\n\t\t<div class=\"wpb_wrapper\">\n\t\t\t<h2 class=\"wpb_heading wpb_video_heading\">of water in 4 villages of TOGO<\/h2>\n\t\t\t<div class=\"wpb_video_wrapper\"><iframe title=\"Airdrink association - water for the villages of TOGO\" width=\"500\" height=\"281\" src=\"https:\/\/www.youtube.com\/embed\/hAVbdBf3g6Q?feature=oembed\" frameborder=\"0\" allow=\"accelerometer; autoplay; clipboard-write; encrypted-media; gyroscope; picture-in-picture; web-share\" allowfullscreen><\/iframe><\/div>\n\t\t<\/div>\n\t<\/div>\n<\/div><\/div><\/div><\/div><\/div><\/div><\/div><div class=\"vc_wpb_row_inner  vc_custom_1643063007518\"><div class=\"vc_row wpb_row vc_row-fluid row-container vc_row-o-equal-height vc_row-flex\"><div class=\"container\"><div class=\"row vc_row vc_row-o-equal-height vc_row-flex wpb_row vc_row-fluid\"><div class=\"wpb_column vc_column_container vc_col-sm-12\"><div class=\"vc_column-inner\"><div class=\"wpb_wrapper\"><div class=\"vc_row wpb_row vc_inner vc_row-fluid vc_custom_1643063021736 vc_row-o-equal-height vc_row-flex\"><div class=\"wpb_column vc_column_container vc_col-sm-3 vc_col-has-fill\"><div class=\"vc_column-inner vc_custom_1643046354963\"><div class=\"wpb_wrapper\">\n\t<div class=\"wpb_text_column wpb_content_element\" >\n\t\t<div class=\"wpb_wrapper\">\n\t\t\t<h3><span style=\"color: #000000;\"><strong>1\/3 of the world population <\/strong><\/span><span style=\"font-size: 10pt;\">does not have access to clean water directly in their homes.<\/span><\/h3>\n<p>&nbsp;<\/p>\n\n\t\t<\/div>\n\t<\/div>\n<\/div><\/div><\/div><div class=\"wpb_column vc_column_container vc_col-sm-3 vc_col-has-fill\"><div class=\"vc_column-inner vc_custom_1643046527788\"><div class=\"wpb_wrapper\">\n\t<div class=\"wpb_text_column wpb_content_element\" >\n\t\t<div class=\"wpb_wrapper\">\n\t\t\t<h3><strong>3.6 billion people <\/strong><span style=\"font-size: 10pt;\">in the world live in areas where water is scarce at least one month a year.<\/span><\/h3>\n\n\t\t<\/div>\n\t<\/div>\n<\/div><\/div><\/div><div class=\"wpb_column vc_column_container vc_col-sm-3 vc_col-has-fill\"><div class=\"vc_column-inner vc_custom_1643046558745\"><div class=\"wpb_wrapper\">\n\t<div class=\"wpb_text_column wpb_content_element\" >\n\t\t<div class=\"wpb_wrapper\">\n\t\t\t<h3><strong>50% of the world population<\/strong> <span style=\"font-size: 10pt;\">will be living in water-stressed areas by 2025.<\/span><\/h3>\n\n\t\t<\/div>\n\t<\/div>\n<\/div><\/div><\/div><div class=\"wpb_column vc_column_container vc_col-sm-3 vc_col-has-fill\"><div class=\"vc_column-inner vc_custom_1643046584998\"><div class=\"wpb_wrapper\">\n\t<div class=\"wpb_text_column wpb_content_element\" >\n\t\t<div class=\"wpb_wrapper\">\n\t\t\t<h3 class=\"card-title\"><strong>361,000 children<\/strong> <span style=\"font-size: 10pt;\">under-fives die each year from diarrhea related to undrinkable water.<\/span><\/h3>\n\n\t\t<\/div>\n\t<\/div>\n<\/div><\/div><\/div><\/div><\/div><\/div><\/div><\/div><\/div><\/div><\/div><div class=\"vc_wpb_row_inner\"><div class=\"vc_row wpb_row vc_row-fluid row-container\"><div class=\"container\"><div class=\"row\"><div class=\"wpb_column vc_column_container vc_col-sm-12\"><div class=\"vc_column-inner\"><div class=\"wpb_wrapper\">\n\t<div class=\"wpb_text_column wpb_content_element\" >\n\t\t<div class=\"wpb_wrapper\">\n\t\t\t<h3 style=\"text-align: center;\"><span style=\"font-size: 14pt; font-family: 'arial black', sans-serif;\">THEY SUPPORT US<\/span><\/h3>\n\n\t\t<\/div>\n\t<\/div>\n<div class=\"vc_row wpb_row vc_inner vc_row-fluid\"><div class=\"wpb_column vc_column_container vc_col-sm-3\"><div class=\"vc_column-inner\"><div class=\"wpb_wrapper\">\n\t<div  class=\"wpb_single_image wpb_content_element vc_align_center wpb_content_element\">\n\t\t\n\t\t<figure class=\"wpb_wrapper vc_figure\">\n\t\t\t<div class=\"vc_single_image-wrapper   vc_box_border_grey\"><img decoding=\"async\" width=\"180\" height=\"122\" src=\"https:\/\/airlife-asso.org\/wp-content\/uploads\/2023\/11\/3-180x122.png\" class=\"vc_single_image-img attachment-thumbnail\" alt=\"\" title=\"3\" \/><\/div>\n\t\t<\/figure>\n\t<\/div>\n<\/div><\/div><\/div><div class=\"wpb_column vc_column_container vc_col-sm-3\"><div class=\"vc_column-inner\"><div class=\"wpb_wrapper\">\n\t<div  class=\"wpb_single_image wpb_content_element vc_align_center wpb_content_element vc_custom_1702385800931\">\n\t\t\n\t\t<figure class=\"wpb_wrapper vc_figure\">\n\t\t\t<div class=\"vc_single_image-wrapper   vc_box_border_grey\"><img decoding=\"async\" width=\"180\" height=\"97\" src=\"https:\/\/airlife-asso.org\/wp-content\/uploads\/2023\/12\/2V4-180x97.jpg\" class=\"vc_single_image-img attachment-thumbnail\" alt=\"\" title=\"2V4\" \/><\/div>\n\t\t<\/figure>\n\t<\/div>\n<\/div><\/div><\/div><div class=\"wpb_column vc_column_container vc_col-sm-3\"><div class=\"vc_column-inner\"><div class=\"wpb_wrapper\">\n\t<div  class=\"wpb_single_image wpb_content_element vc_align_center wpb_content_element vc_custom_1702385705368\">\n\t\t\n\t\t<figure class=\"wpb_wrapper vc_figure\">\n\t\t\t<div class=\"vc_single_image-wrapper   vc_box_border_grey\"><img decoding=\"async\" width=\"180\" height=\"108\" src=\"https:\/\/airlife-asso.org\/wp-content\/uploads\/2023\/12\/1V4.jpg\" class=\"vc_single_image-img attachment-thumbnail\" alt=\"\" title=\"1V4\" \/><\/div>\n\t\t<\/figure>\n\t<\/div>\n<\/div><\/div><\/div><div class=\"wpb_column vc_column_container vc_col-sm-3\"><div class=\"vc_column-inner\"><div class=\"wpb_wrapper\">\n\t<div  class=\"wpb_single_image wpb_content_element vc_align_center wpb_content_element\">\n\t\t\n\t\t<figure class=\"wpb_wrapper vc_figure\">\n\t\t\t<div class=\"vc_single_image-wrapper   vc_box_border_grey\"><img decoding=\"async\" width=\"180\" height=\"122\" src=\"https:\/\/airlife-asso.org\/wp-content\/uploads\/2023\/11\/4-180x122.png\" class=\"vc_single_image-img attachment-thumbnail\" alt=\"\" title=\"4\" \/><\/div>\n\t\t<\/figure>\n\t<\/div>\n<\/div><\/div><\/div><\/div><\/div><\/div><\/div><\/div><\/div><\/div><\/div><\/section><div class=\"vc_row-full-width vc_clearfix\"><\/div><div class=\"vc_wpb_row_inner\"><div class=\"vc_row wpb_row vc_row-fluid row-container\"><div class=\"container\"><div class=\"row\"><div class=\"wpb_column vc_column_container vc_col-sm-4 vc_col-has-fill\"><div class=\"vc_column-inner vc_custom_1642609991402\"><div class=\"wpb_wrapper\">\n\t<div class=\"wpb_text_column wpb_content_element\" >\n\t\t<div class=\"wpb_wrapper\">\n\t\t\t<h3>&nbsp;<\/h3>\n<p>&nbsp;<\/p>\n<h3><span style=\"color: #000000;\">AMBITIOUS, INNOVATIVE PROJECTS JUST WAITING FOR YOU.<\/span><\/h3>\n<p>&nbsp;<\/p>\n<p><span style=\"color: #000000;\">WATER IS LIFE, A RIGHT FOR ALL!<\/span><\/p>\n<p>&nbsp;<\/p>\n<p>&nbsp;<\/p>\n\n\t\t<\/div>\n\t<\/div>\n<\/div><\/div><\/div><div class=\"wpb_column vc_column_container vc_col-sm-4\"><div class=\"vc_column-inner\"><div class=\"wpb_wrapper\"><div class=\"vc-hoverbox-wrapper  vc-hoverbox-shape--square vc-hoverbox-align--center vc-hoverbox-direction--default vc-hoverbox-width--100\"  ontouchstart=\"\">\n  <div class=\"vc-hoverbox\">\n    <div class=\"vc-hoverbox-inner\">\n      <div class=\"vc-hoverbox-block vc-hoverbox-front\" style=\"background-image: url(https:\/\/airlife-asso.org\/wp-content\/uploads\/2025\/06\/Cabine18-1024x768.jpg);\">\n        <div class=\"vc-hoverbox-block-inner vc-hoverbox-front-inner\">\n            <h2 style=\"font-size: 25px;color: #ffffff;text-align: center\" class=\"vc_custom_heading vc_do_custom_heading\"><a href=\"http:\/\/airlife-asso.org\/en\/projet-en-cours\/\" title=\"Our projects\">Project in progress<\/a><\/h2>\n        <\/div>\n      <\/div>\n      <div class=\"vc-hoverbox-block vc-hoverbox-back\" style=\"background-color: #ebebeb;\">\n        <div class=\"vc-hoverbox-block-inner vc-hoverbox-back-inner\">\n            <h2 style=\"text-align:center\">10 water generators installed in TOGO<\/h2>\n            <ul>\n<li style=\"text-align: left;\">Deployment of a \u00abSolar Cabin\u00bb to power the Water Generator<\/li>\n<li style=\"text-align: left;\">Electrification of Agotov\u00e9 village center<\/li>\n<\/ul>\n<p>&nbsp;<\/p>\n<p style=\"text-align: center;\"><strong><a href=\"https:\/\/airlife-asso.org\/en\/togo-agotove\/\" rel=\"noopener\">LEARN MORE <\/a> | <a href=\"https:\/\/airdrink-64841f1d0d294.assoconnect.com\/collect\/description\/323715-a-campagne-de-dons-pour-le-togo\" target=\"_blank\" rel=\"noopener\">MAKE A DONATION<\/a><\/strong><\/p>\n\n            \n        <\/div>\n      <\/div>\n    <\/div>\n  <\/div>\n<\/div><\/div><\/div><\/div><div class=\"wpb_column vc_column_container vc_col-sm-4\"><div class=\"vc_column-inner\"><div class=\"wpb_wrapper\"><div class=\"vc-hoverbox-wrapper  vc-hoverbox-shape--square vc-hoverbox-align--center vc-hoverbox-direction--default vc-hoverbox-width--100\"  ontouchstart=\"\">\n  <div class=\"vc-hoverbox\">\n    <div class=\"vc-hoverbox-inner\">\n      <div class=\"vc-hoverbox-block vc-hoverbox-front\" style=\"background-image: url(https:\/\/airlife-asso.org\/wp-content\/uploads\/2025\/06\/IMG_1282-1024x768.jpg);\">\n        <div class=\"vc-hoverbox-block-inner vc-hoverbox-front-inner\">\n            <h2 style=\"font-size: 25px;color: #ffffff;text-align: center\" class=\"vc_custom_heading vc_do_custom_heading\"><a href=\"https:\/\/airlife-asso.org\/en\/500-litres-deau-pure-par-jour-dans-un-village-du-togo\/\" title=\"Our projects\">Upcoming projects<\/a><\/h2>\n        <\/div>\n      <\/div>\n      <div class=\"vc-hoverbox-block vc-hoverbox-back\" style=\"background-color: #ebebeb;\">\n        <div class=\"vc-hoverbox-block-inner vc-hoverbox-back-inner\">\n            <h2 style=\"text-align:center\">Access to drinking water for 800 people<\/h2>\n            <ul>\n<li style=\"text-align: left;\">Up to 500 liters of drinking water a day in the village of Agotov\u00e9<\/li>\n<li style=\"text-align: left;\">A completely energy self-sufficient system<\/li>\n<\/ul>\n<p>&nbsp;<\/p>\n<p style=\"text-align: center;\"><a href=\"https:\/\/airlife-asso.org\/en\/500-litres-deau-pure-par-jour-dans-un-village-du-togo\/\"><strong>LEARN MORE<\/strong><\/a><\/p>\n\n            \n        <\/div>\n      <\/div>\n    <\/div>\n  <\/div>\n<\/div><\/div><\/div><\/div><\/div><\/div><\/div><\/div><div class=\"vc_wpb_row_inner  vc_custom_1699974186530\"><div class=\"vc_row wpb_row vc_row-fluid row-container\"><div class=\"container\"><div class=\"row\"><div class=\"wpb_column vc_column_container vc_col-sm-12\"><div class=\"vc_column-inner\"><div class=\"wpb_wrapper\"><section class=\"vc_cta3-container vc_cta3-size-xs\"><div class=\"vc_general vc_do_cta3 vc_cta3 vc_cta3-style-flat vc_cta3-shape-square vc_cta3-align-center vc_cta3-color-classic vc_cta3-icon-size-md vc_cta3-actions-bottom\"><div class=\"vc_cta3_content-container\"><div class=\"vc_cta3-content\"><header class=\"vc_cta3-content-header\"><h2>WANT TO SUPPORT THE TOGO PROJECT ?<\/h2><\/header><\/div><div class=\"vc_cta3-actions\"><style>.vc_btn3-style-gradient-custom.vc_btn-gradient-btn-69f1b0d70487e:hover{color: #49473f;background-color: #fcc91b;border: none;background-position: 100% 0;}<\/style><style>.vc_btn3-style-gradient-custom.vc_btn-gradient-btn-69f1b0d70487e{color: #49473f;border: none;background-color: #fcc91b;background-image: -webkit-linear-gradient(left, #fcc91b 0%, #fcc91b 50%,#fcc91b 100%);background-image: linear-gradient(to right, #fcc91b 0%, #fcc91b 50%,#fcc91b 100%);-webkit-transition: all .2s ease-in-out;transition: all .2s ease-in-out;background-size: 200% 100%;}<\/style><div class=\"vc_btn3-container vc_btn3-center vc_do_btn\" ><a data-vc-gradient-1=\"#fcc91b\" data-vc-gradient-2=\"#fcc91b\" class=\"vc_general vc_btn3 vc_btn3-size-lg vc_btn3-shape-square vc_btn3-style-gradient-custom vc_btn3-icon-left vc_btn-gradient-btn-69f1b0d70487e\" href=\"https:\/\/airdrink-64841f1d0d294.assoconnect.com\/collect\/description\/323715-a-campagne-de-dons-pour-le-togo\" title=\"donation for TOGO\" target=\"_blank\"><i class=\"vc_btn3-icon fas fa-coins\"><\/i> MAKE A DONATION<\/a><\/div><\/div><\/div><\/div><\/section><\/div><\/div><\/div><\/div><\/div><\/div><\/div>\n<\/div>","protected":false},"excerpt":{"rendered":"AirLife - Buvez l'eau de l'Air ! AirLife Association... c\u2019est avant tout une histoire humaine. Nous sommes une jeune Association orient\u00e9e \"Terrain\", conscients que l'acc\u00e8s \u00e0 l'eau est une cause Universelle qui m\u00e9rite d'\u00eatre d\u00e9fendue... AirLife met en oeuvre des Solutions innovantes: Les G\u00e9n\u00e9rateurs d'eau Atmosph\u00e9rique. Ces solutions produisent une eau pure, fraiche et min\u00e9ralis\u00e9e [...]","protected":false},"author":1,"featured_media":0,"parent":0,"menu_order":0,"comment_status":"closed","ping_status":"closed","template":"","meta":{"ngg_post_thumbnail":0,"footnotes":""},"class_list":["post-2","page","type-page","status-publish","hentry"],"_links":{"self":[{"href":"https:\/\/airlife-asso.org\/en\/wp-json\/wp\/v2\/pages\/2","targetHints":{"allow":["GET"]}}],"collection":[{"href":"https:\/\/airlife-asso.org\/en\/wp-json\/wp\/v2\/pages"}],"about":[{"href":"https:\/\/airlife-asso.org\/en\/wp-json\/wp\/v2\/types\/page"}],"author":[{"embeddable":true,"href":"https:\/\/airlife-asso.org\/en\/wp-json\/wp\/v2\/users\/1"}],"replies":[{"embeddable":true,"href":"https:\/\/airlife-asso.org\/en\/wp-json\/wp\/v2\/comments?post=2"}],"version-history":[{"count":58,"href":"https:\/\/airlife-asso.org\/en\/wp-json\/wp\/v2\/pages\/2\/revisions"}],"predecessor-version":[{"id":356,"href":"https:\/\/airlife-asso.org\/en\/wp-json\/wp\/v2\/pages\/2\/revisions\/356"}],"wp:attachment":[{"href":"https:\/\/airlife-asso.org\/en\/wp-json\/wp\/v2\/media?parent=2"}],"curies":[{"name":"wp","href":"https:\/\/api.w.org\/{rel}","templated":true}]}}