{"id":215,"date":"2022-06-15T09:17:07","date_gmt":"2022-06-15T09:17:07","guid":{"rendered":"https:\/\/airlife-asso.org\/?page_id=215"},"modified":"2025-04-01T20:08:02","modified_gmt":"2025-04-01T18:08:02","slug":"togo-atchave","status":"publish","type":"page","link":"https:\/\/airlife-asso.org\/en\/togo-atchave","title":{"rendered":"Togo - Atchav\u00e9"},"content":{"rendered":"<div class=\"wpb-content-wrapper\"><div class=\"vc_wpb_row_inner\"><div class=\"vc_row wpb_row vc_row-fluid row-container\"><div class=\"container\"><div class=\"row\"><div class=\"wpb_column vc_column_container vc_col-sm-6\"><div class=\"vc_column-inner\"><div class=\"wpb_wrapper\">\n\t<div class=\"wpb_text_column wpb_content_element\" >\n\t\t<div class=\"wpb_wrapper\">\n\t\t\t<h2><strong>Installation and operation of the first C8 Atmospheric Water Generator in the Peripheral Care Unit in the village of Atchav\u00e9, Togo.<\/strong><\/h2>\n<p>&nbsp;<\/p>\n<h4><span style=\"color: #000000;\">Currently in the village, a solar pumped borehole is installed but only works a few hours a day (from 11am to 3pm approximately) and 2 TDC.<\/span><\/h4>\n<h4><span style=\"color: #000000;\">The installation of our C8 machine enables us to produce more than 25 liters of drinking water a day in very good weather conditions, equivalent to the water needs of 15 to 20 children.<\/span><\/h4>\n<h4><span style=\"color: #000000;\">The C8 Atmospheric Water Generator is a small, mobile and very easy to install machine that takes moisture from the air and turns it into pure drinking water! It just needs electricity to operate and a sufficient humidity level.<\/span><\/h4>\n<h4><span style=\"color: #000000;\">The elementary and middle school, currently without water, would need 40 liters of water each per day.<\/span><\/h4>\n<h4><span style=\"color: #000000;\">After the installation of this pilot site, we carried out a tour in 4 villages of the Canton \"Haho 1\" to carry out a mission of evaluation in order to multiply the experiment to thus bring drinking water in a perennial way to other populations deprived of all.<\/span><\/h4>\n<p>&gt; <a href=\"https:\/\/airlife-asso.org\/en\/une-tournee-simpose-7-jours-plus-que-rythmes\/\">More info on our tour<\/a> &lt;<\/p>\n<p>&nbsp;<\/p>\n\n\t\t<\/div>\n\t<\/div>\n<\/div><\/div><\/div><div class=\"wpb_column vc_column_container vc_col-sm-6\"><div class=\"vc_column-inner\"><div class=\"wpb_wrapper\">\n\t<div  class=\"wpb_single_image wpb_content_element vc_align_left wpb_content_element\">\n\t\t\n\t\t<figure class=\"wpb_wrapper vc_figure\">\n\t\t\t<div class=\"vc_single_image-wrapper   vc_box_border_grey\"><img decoding=\"async\" width=\"810\" height=\"1080\" src=\"https:\/\/airlife-asso.org\/wp-content\/uploads\/2022\/09\/WhatsApp-Image-2022-08-12-at-17.26.22-2.jpeg\" class=\"vc_single_image-img attachment-full\" alt=\"\" title=\"WhatsApp Image 2022-08-12 at 17.26.22 (2)\" \/><\/div>\n\t\t<\/figure>\n\t<\/div>\n<div class=\"vc_btn3-container vc_btn3-center vc_custom_1716987286142 vc_do_btn\" ><a class=\"vc_general vc_btn3 vc_btn3-size-md vc_btn3-shape-rounded vc_btn3-style-modern vc_btn3-icon-left vc_btn3-color-grey\" href=\"https:\/\/airlife-asso.org\/en\/photos\/\" title=\"Some photos of our Actions\"><i class=\"vc_btn3-icon fas fa-camera\"><\/i> More photos of our actions<\/a><\/div><\/div><\/div><\/div><\/div><\/div><\/div><\/div><div class=\"vc_wpb_row_inner\"><div class=\"vc_row wpb_row vc_row-fluid row-container\"><div class=\"container\"><div class=\"row\"><div class=\"wpb_column vc_column_container vc_col-sm-4\"><div class=\"vc_column-inner\"><div class=\"wpb_wrapper\">\n\t<div  class=\"wpb_single_image wpb_content_element vc_align_left wpb_content_element\">\n\t\t\n\t\t<figure class=\"wpb_wrapper vc_figure\">\n\t\t\t<div class=\"vc_single_image-wrapper   vc_box_border_grey\"><img decoding=\"async\" width=\"992\" height=\"744\" src=\"https:\/\/airlife-asso.org\/wp-content\/uploads\/2022\/09\/299319643_3137645536564762_8407245053443254806_n.jpg\" class=\"vc_single_image-img attachment-full\" alt=\"\" title=\"299319643_3137645536564762_8407245053443254806_n\" \/><\/div>\n\t\t<\/figure>\n\t<\/div>\n<\/div><\/div><\/div><div class=\"wpb_column vc_column_container vc_col-sm-4\"><div class=\"vc_column-inner\"><div class=\"wpb_wrapper\"><section class=\"vc_cta3-container\"><div class=\"vc_general vc_do_cta3 vc_cta3 vc_cta3-style-classic vc_cta3-shape-square vc_cta3-align-center vc_cta3-color-classic vc_cta3-icon-size-md vc_cta3-actions-bottom\"><div class=\"vc_cta3_content-container\"><div class=\"vc_cta3-content\"><header class=\"vc_cta3-content-header\"><h2>WANT TO SUPPORT THIS PROJECT<\/h2><\/header><\/div><div class=\"vc_cta3-actions\"><style>.vc_btn3-style-gradient-custom.vc_btn-gradient-btn-69f1b0f2747bf:hover{color: #49473f;background-color: #fcc91b;border: none;background-position: 100% 0;}<\/style><style>.vc_btn3-style-gradient-custom.vc_btn-gradient-btn-69f1b0f2747bf{color: #49473f;border: none;background-color: #fcc91b;background-image: -webkit-linear-gradient(left, #fcc91b 0%, #fcc91b 50%,#fcc91b 100%);background-image: linear-gradient(to right, #fcc91b 0%, #fcc91b 50%,#fcc91b 100%);-webkit-transition: all .2s ease-in-out;transition: all .2s ease-in-out;background-size: 200% 100%;}<\/style><div class=\"vc_btn3-container vc_btn3-center vc_do_btn\" ><a data-vc-gradient-1=\"#fcc91b\" data-vc-gradient-2=\"#fcc91b\" class=\"vc_general vc_btn3 vc_btn3-size-md vc_btn3-shape-square vc_btn3-style-gradient-custom vc_btn3-icon-left vc_btn-gradient-btn-69f1b0f2747bf\" href=\"https:\/\/airdrink-64841f1d0d294.assoconnect.com\/collect\/description\/323715-a-campagne-de-dons-pour-le-togo\" title=\"\" target=\"_blank\"><i class=\"vc_btn3-icon fas fa-coins\"><\/i> MAKE A DONATION<\/a><\/div><\/div><\/div><\/div><\/section>\n\t<div  class=\"wpb_single_image wpb_content_element vc_align_left wpb_content_element\">\n\t\t\n\t\t<figure class=\"wpb_wrapper vc_figure\">\n\t\t\t<div class=\"vc_single_image-wrapper   vc_box_border_grey\"><img decoding=\"async\" width=\"2560\" height=\"1920\" src=\"https:\/\/airlife-asso.org\/wp-content\/uploads\/2022\/09\/P1000180-scaled.jpg\" class=\"vc_single_image-img attachment-full\" alt=\"\" title=\"P1000180\" \/><\/div>\n\t\t<\/figure>\n\t<\/div>\n<\/div><\/div><\/div><div class=\"wpb_column vc_column_container vc_col-sm-4\"><div class=\"vc_column-inner\"><div class=\"wpb_wrapper\">\n\t<div  class=\"wpb_single_image wpb_content_element vc_align_left wpb_content_element\">\n\t\t\n\t\t<figure class=\"wpb_wrapper vc_figure\">\n\t\t\t<div class=\"vc_single_image-wrapper   vc_box_border_grey\"><img decoding=\"async\" width=\"2560\" height=\"1920\" src=\"https:\/\/airlife-asso.org\/wp-content\/uploads\/2022\/09\/P1000142-scaled.jpg\" class=\"vc_single_image-img attachment-full\" alt=\"\" title=\"P1000142\" \/><\/div>\n\t\t<\/figure>\n\t<\/div>\n<\/div><\/div><\/div><\/div><\/div><\/div><\/div>\n<\/div>","protected":false},"excerpt":{"rendered":"Installation et utilisation d'un premier G\u00e9n\u00e9rateur d'eau Atmosph\u00e9rique C8 dans l'Unit\u00e9 de Soins P\u00e9riph\u00e9rique du village d'Atchav\u00e9 au Togo. &nbsp; Actuellement dans le village, un forage \u00e0 pompe solaire est install\u00e9 mais ne fonctionne pas que quelques heures par jour (de 11h \u00e0 15h environ) et 2 PMH. L'installation de notre machine C8 permet de [...]","protected":false},"author":1,"featured_media":0,"parent":0,"menu_order":0,"comment_status":"closed","ping_status":"closed","template":"","meta":{"ngg_post_thumbnail":0,"footnotes":""},"class_list":["post-215","page","type-page","status-publish","hentry"],"_links":{"self":[{"href":"https:\/\/airlife-asso.org\/en\/wp-json\/wp\/v2\/pages\/215","targetHints":{"allow":["GET"]}}],"collection":[{"href":"https:\/\/airlife-asso.org\/en\/wp-json\/wp\/v2\/pages"}],"about":[{"href":"https:\/\/airlife-asso.org\/en\/wp-json\/wp\/v2\/types\/page"}],"author":[{"embeddable":true,"href":"https:\/\/airlife-asso.org\/en\/wp-json\/wp\/v2\/users\/1"}],"replies":[{"embeddable":true,"href":"https:\/\/airlife-asso.org\/en\/wp-json\/wp\/v2\/comments?post=215"}],"version-history":[{"count":15,"href":"https:\/\/airlife-asso.org\/en\/wp-json\/wp\/v2\/pages\/215\/revisions"}],"predecessor-version":[{"id":849,"href":"https:\/\/airlife-asso.org\/en\/wp-json\/wp\/v2\/pages\/215\/revisions\/849"}],"wp:attachment":[{"href":"https:\/\/airlife-asso.org\/en\/wp-json\/wp\/v2\/media?parent=215"}],"curies":[{"name":"wp","href":"https:\/\/api.w.org\/{rel}","templated":true}]}}