{"id":24,"date":"2021-12-20T15:46:05","date_gmt":"2021-12-20T15:46:05","guid":{"rendered":"https:\/\/airlife-asso.org\/?page_id=24"},"modified":"2025-12-16T11:37:18","modified_gmt":"2025-12-16T10:37:18","slug":"projets","status":"publish","type":"page","link":"https:\/\/airlife-asso.org\/en\/projets","title":{"rendered":"Current Projects"},"content":{"rendered":"<div class=\"wpb-content-wrapper\"><div class=\"vc_wpb_row_inner  \"><div class=\"vc_row wpb_row vc_row-fluid row-container\"><div class=\"container\"><div class=\"row \"><div class=\"wpb_column vc_column_container vc_col-sm-8 vc_col-has-fill\"><div class=\"vc_column-inner vc_custom_1643068912814\"><div class=\"wpb_wrapper\">\n\t<div class=\"wpb_text_column wpb_content_element vc_custom_1765881388211\" >\n\t\t<div class=\"wpb_wrapper\">\n\t\t\t<p><span style=\"color: #000000;\">En 2020, environ une personne sur quatre n&rsquo;avait&nbsp;<b>pas acc\u00e8s<\/b>&nbsp;\u00e0 de l&rsquo;<b>eau potable<\/b>&nbsp;\u00e0 son domicile et pr\u00e8s de la moiti\u00e9 de la&nbsp;<b>population mondiale<\/b> \u00e9tait priv\u00e9e de services d&rsquo;assainissement.&nbsp;Sans progr\u00e8s plus rapides, des milliards de personnes n\u2019auront pas acc\u00e8s \u00e0 l\u2019eau salubre et aux services d\u2019assainissement en 2030.<\/span><\/p>\n<p><span style=\"color: #000000;\">Il est urgent d&rsquo;agir avec des <strong>solutions faciles \u00e0 mettre en place<\/strong>. AirLife Association a d\u00e9j\u00e0 d\u00e9ploy\u00e9 10 petits g\u00e9n\u00e9rateurs d&rsquo;eau (25 litres par jour) efficaces et qui ont fait leurs preuves dans d&rsquo;autres r\u00e9gions du monde depuis plus de 10 ans.&nbsp; Ces syst\u00e8mes de production d&rsquo;eau int\u00e8grent un proc\u00e9d\u00e9 brevet\u00e9 de purification \u00e0 l&rsquo;ozone et procurent une eau potable incroyablement claire et pure, avec un go\u00fbt unique.<\/span><\/p>\n<h3><span style=\"color: #000000;\"> <span style=\"text-decoration: underline;\"><strong>Ils r\u00e9cup\u00e8rent l&rsquo;humidit\u00e9 de l&rsquo;air ambiant et la transforme en eau potable tr\u00e8s pure !&nbsp;<\/strong><\/span><\/span><\/h3>\n<p>&nbsp;<\/p>\n<h2 style=\"text-align: center;\">\u00ab\u00a0Rendons ces technologies accessibles \u00e0 tous\u00a0\u00bb<\/h2>\n\n\t\t<\/div>\n\t<\/div>\n<\/div><\/div><\/div><div class=\"wpb_column vc_column_container vc_col-sm-4 vc_col-has-fill\"><div class=\"vc_column-inner vc_custom_1643069500746\"><div class=\"wpb_wrapper\">\n<div class=\"vc_chart vc_round-chart wpb_content_element\" data-vc-legend=\"1\" data-vc-animation=\"easeInOutCubic\" data-vc-stroke-color=\"#eaeaea\" data-vc-stroke-width=\"2\" data-vc-type=\"pie\" data-vc-values=\"{&quot;labels&quot;:[&quot;Machine et \\u00e9quipements&quot;,&quot;D\\u00e9placement sur site&quot;],&quot;datasets&quot;:[{&quot;data&quot;:[95,5],&quot;backgroundColor&quot;:[&quot;#f4524d&quot;,&quot;#cec2ab&quot;]}]}\" data-vc-legend-color=\"#2a2a2a\" data-vc-legend-position=\"left\">\n\t<h2 class=\"wpb_heading\">COMMENT SONT UTILISES VOS DONS ?<\/h4>\n\t<div class=\"wpb_wrapper\">\n\t\t<canvas class=\"vc_round-chart-canvas\" width=\"1\" height=\"1\"><\/canvas>\n\t<\/div>\n<\/div>\n<\/div><\/div><\/div><\/div><\/div><\/div><\/div><section class=\"vc_section vc_custom_1708710514262 vc_section-has-fill\"><div class=\"vc_wpb_row_inner  \"><div class=\"vc_row wpb_row vc_row-fluid row-container\"><div class=\"container\"><div class=\"row \"><div class=\"wpb_column vc_column_container vc_col-sm-12\"><div class=\"vc_column-inner\"><div class=\"wpb_wrapper\">\n\t<div class=\"wpb_text_column wpb_content_element\" >\n\t\t<div class=\"wpb_wrapper\">\n\t\t\t<h3 style=\"text-align: center;\">ILS NOUS SOUTIENNENT:<\/h3>\n\n\t\t<\/div>\n\t<\/div>\n<\/div><\/div><\/div><\/div><\/div><\/div><\/div><div class=\"vc_wpb_row_inner  \"><div class=\"vc_row wpb_row vc_row-fluid row-container\"><div class=\"container\"><div class=\"row \"><div class=\"wpb_column vc_column_container vc_col-sm-3\"><div class=\"vc_column-inner\"><div class=\"wpb_wrapper\">\n\t<div  class=\"wpb_single_image wpb_content_element vc_align_left wpb_content_element\">\n\t\t\n\t\t<figure class=\"wpb_wrapper vc_figure\">\n\t\t\t<div class=\"vc_single_image-wrapper   vc_box_border_grey\"><img decoding=\"async\" width=\"180\" height=\"122\" src=\"https:\/\/airlife-asso.org\/wp-content\/uploads\/2023\/11\/3-180x122.png\" class=\"vc_single_image-img attachment-thumbnail\" alt=\"\" title=\"3\" \/><\/div>\n\t\t<\/figure>\n\t<\/div>\n<\/div><\/div><\/div><div class=\"wpb_column vc_column_container vc_col-sm-3\"><div class=\"vc_column-inner\"><div class=\"wpb_wrapper\">\n\t<div  class=\"wpb_single_image wpb_content_element vc_align_left wpb_content_element\">\n\t\t\n\t\t<figure class=\"wpb_wrapper vc_figure\">\n\t\t\t<div class=\"vc_single_image-wrapper   vc_box_border_grey\"><img decoding=\"async\" width=\"180\" height=\"97\" src=\"https:\/\/airlife-asso.org\/wp-content\/uploads\/2023\/12\/2V4-180x97.jpg\" class=\"vc_single_image-img attachment-thumbnail\" alt=\"\" title=\"2V4\" \/><\/div>\n\t\t<\/figure>\n\t<\/div>\n<\/div><\/div><\/div><div class=\"wpb_column vc_column_container vc_col-sm-3\"><div class=\"vc_column-inner\"><div class=\"wpb_wrapper\">\n\t<div  class=\"wpb_single_image wpb_content_element vc_align_left wpb_content_element\">\n\t\t\n\t\t<figure class=\"wpb_wrapper vc_figure\">\n\t\t\t<div class=\"vc_single_image-wrapper   vc_box_border_grey\"><img decoding=\"async\" width=\"180\" height=\"108\" src=\"https:\/\/airlife-asso.org\/wp-content\/uploads\/2023\/12\/1V4.jpg\" class=\"vc_single_image-img attachment-thumbnail\" alt=\"\" title=\"1V4\" \/><\/div>\n\t\t<\/figure>\n\t<\/div>\n<\/div><\/div><\/div><div class=\"wpb_column vc_column_container vc_col-sm-3\"><div class=\"vc_column-inner\"><div class=\"wpb_wrapper\">\n\t<div  class=\"wpb_single_image wpb_content_element vc_align_left wpb_content_element\">\n\t\t\n\t\t<figure class=\"wpb_wrapper vc_figure\">\n\t\t\t<div class=\"vc_single_image-wrapper   vc_box_border_grey\"><img decoding=\"async\" width=\"180\" height=\"122\" src=\"https:\/\/airlife-asso.org\/wp-content\/uploads\/2023\/11\/4-180x122.png\" class=\"vc_single_image-img attachment-thumbnail\" alt=\"\" title=\"4\" \/><\/div>\n\t\t<\/figure>\n\t<\/div>\n<\/div><\/div><\/div><\/div><\/div><\/div><\/div><\/section><div class=\"vc_wpb_row_inner  \"><div class=\"vc_row wpb_row vc_row-fluid row-container\"><div class=\"container\"><div class=\"row \"><div class=\"wpb_column vc_column_container vc_col-sm-6\"><div class=\"vc_column-inner\"><div class=\"wpb_wrapper\">\n\t<div  class=\"wpb_single_image wpb_content_element vc_align_left wpb_content_element\">\n\t\t\n\t\t<figure class=\"wpb_wrapper vc_figure\">\n\t\t\t<div class=\"vc_single_image-wrapper   vc_box_border_grey\"><img decoding=\"async\" width=\"1080\" height=\"810\" src=\"https:\/\/airlife-asso.org\/wp-content\/uploads\/2024\/02\/WhatsApp-Image-2024-02-08-at-14.35.22-1.jpeg\" class=\"vc_single_image-img attachment-full\" alt=\"\" title=\"WhatsApp Image 2024-02-08 at 14.35.22 (1)\" \/><\/div>\n\t\t<\/figure>\n\t<\/div>\n<section class=\"vc_cta3-container\"><div class=\"vc_general vc_do_cta3 vc_cta3 vc_cta3-style-classic vc_cta3-shape-rounded vc_cta3-align-left vc_cta3-color-classic vc_cta3-icon-size-md vc_cta3-actions-bottom  wpb_animate_when_almost_visible wpb_bounceInLeft bounceInLeft\"><div class=\"vc_cta3_content-container\"><div class=\"vc_cta3-content\"><header class=\"vc_cta3-content-header\"><h2>Projet 1 : Acc\u00e8s \u00e0 l'eau potable au Togo au centre du village d'Agotov\u00e9<\/h2><h4>Un G\u00e9n\u00e9rateur d'eau Atmosph\u00e9rique de 500 litres par jour<\/h4><\/header><p><span style=\"color: #000000;\">Mettre en place un g\u00e9n\u00e9rateur d\u2019eau atmosph\u00e9rique C500 qui r\u00e9cup\u00e8re l\u2019humidit\u00e9 de l\u2019air ambiant et la transforme en eau potable tr\u00e8s pure !&nbsp;<\/span><\/p>\n<ul>\n<li><span style=\"color: #000000;\">Jusqu&rsquo;\u00e0 500 litres d\u2019eau potable \/jour<\/span><\/li>\n<li><span style=\"color: #000000;\">Syst\u00e8me compl\u00e8tement autonome avec mise en place de panneaux solaires pour fournir l&rsquo;\u00e9lectricit\u00e9 au village<\/span><\/li>\n<li><span style=\"color: #000000;\">Une Machine de conception europ\u00e9enne et d\u00e9j\u00e0 d\u00e9ploy\u00e9e par les membres d&rsquo;AirLife&nbsp;<\/span><\/li>\n<\/ul>\n<p><strong><span style=\"color: #000000;\">Pr\u00e9 \u00e9tude: Ao\u00fbt 2023<\/span><\/strong><\/p>\n<\/div><div class=\"vc_cta3-actions\"><div class=\"vc_btn3-container vc_btn3-inline vc_do_btn\" ><a class=\"vc_general vc_btn3 vc_btn3-size-md vc_btn3-shape-rounded vc_btn3-style-modern vc_btn3-color-vista-blue\" href=\"https:\/\/airlife-asso.org\/500-litres-deau-pure-par-jour-dans-un-village-du-togo\" title=\"500 litres d\u2019eau pure par jour dans un Village du TOGO\" target=\"_blank\">En savoir Plus...<\/a><\/div><\/div><\/div><\/div><\/section><div class=\"vc_btn3-container vc_btn3-center vc_do_btn\" ><a class=\"vc_general vc_btn3 vc_btn3-size-md vc_btn3-shape-square vc_btn3-style-modern vc_btn3-color-warning\" href=\"https:\/\/airdrink-64841f1d0d294.assoconnect.com\/collect\/description\/323715-a-campagne-de-dons-pour-le-togo\" title=\"\" onclick=\"target=&quot;_blank&quot;\">FAIR UN DON<\/a><\/div><\/div><\/div><\/div><div class=\"wpb_column vc_column_container vc_col-sm-6\"><div class=\"vc_column-inner\"><div class=\"wpb_wrapper\">\n\t<div  class=\"wpb_single_image wpb_content_element vc_align_left wpb_content_element\">\n\t\t\n\t\t<figure class=\"wpb_wrapper vc_figure\">\n\t\t\t<div class=\"vc_single_image-wrapper   vc_box_border_grey\"><img decoding=\"async\" width=\"1600\" height=\"1200\" src=\"https:\/\/airlife-asso.org\/wp-content\/uploads\/2024\/02\/WhatsApp-Image-2024-02-21-at-13.34.52.jpeg\" class=\"vc_single_image-img attachment-full\" alt=\"\" title=\"WhatsApp Image 2024-02-21 at 13.34.52\" \/><\/div>\n\t\t<\/figure>\n\t<\/div>\n<section class=\"vc_cta3-container\"><div class=\"vc_general vc_do_cta3 vc_cta3 vc_cta3-style-classic vc_cta3-shape-rounded vc_cta3-align-left vc_cta3-color-classic vc_cta3-icon-size-md vc_custom_1716987601518\"><div class=\"vc_cta3_content-container\"><div class=\"vc_cta3-content\"><header class=\"vc_cta3-content-header\"><h2>Projet 2 : Acc\u00e8s \u00e0 l'eau potable dans 2 villages de Madagascar<\/h2><h4>Dans ces lieux o\u00f9 l'on boit de l'eau chaude bouillie et terreuse au quotidien...<\/h4><\/header><p><span style=\"color: #000000;\">Mettre en place 8 g\u00e9n\u00e9rateurs d\u2019eau atmosph\u00e9rique C8 (25 l\/jour chacun) et 2 G\u00e9n\u00e9rateurs S200 (200 l\/jour chacun) qui r\u00e9cup\u00e8rent l\u2019humidit\u00e9 de l\u2019air ambiant et la transforme en eau potable tr\u00e8s pure !&nbsp;<\/span><\/p>\n<ul>\n<li><span style=\"color: #000000;\">En tout 500 \u00e0 600 litres d\u2019eau potable \/jour<\/span><\/li>\n<li><span style=\"color: #000000;\">Installation en priorit\u00e9 dans l\u2019\u00e9cole TAFITA (AMPEFY) et le Centre de Sant\u00e9 d&rsquo;AMBATOLAHY<\/span><\/li>\n<li><span style=\"color: #000000;\">Syst\u00e8me compl\u00e8tement autonome avec installation de panneaux solaires pour fournir l&rsquo;\u00e9lectricit\u00e9 aux machines et pour des usages compl\u00e9mentaires<\/span><\/li>\n<\/ul>\n<p><strong><span style=\"color: #000000;\">Pr\u00e9 \u00e9tude: F\u00e9vrier 2024<\/span><\/strong><\/p>\n<p>&nbsp;<\/p>\n<\/div><\/div><\/div><\/section><div class=\"vc_row wpb_row vc_inner vc_row-fluid\"><div class=\"wpb_column vc_column_container vc_col-sm-6\"><div class=\"vc_column-inner\"><div class=\"wpb_wrapper\"><div class=\"vc_btn3-container vc_btn3-center vc_do_btn\" ><a class=\"vc_general vc_btn3 vc_btn3-size-md vc_btn3-shape-square vc_btn3-style-modern vc_btn3-color-warning\" href=\"https:\/\/airdrink-64841f1d0d294.assoconnect.com\/collect\/description\/410263-n-campagne-de-dons-pour-madagascar\" title=\"\" target=\"_blank\" onclick=\"target=&quot;_blank&quot;\">FAIR UN DON<\/a><\/div><\/div><\/div><\/div><div class=\"wpb_column vc_column_container vc_col-sm-6\"><div class=\"vc_column-inner\"><div class=\"wpb_wrapper\"><div class=\"vc_btn3-container vc_btn3-inline vc_do_btn\" ><a class=\"vc_general vc_btn3 vc_btn3-size-md vc_btn3-shape-square vc_btn3-style-modern vc_btn3-icon-left vc_btn3-color-primary\" href=\"https:\/\/youtu.be\/4uptgD9fU40\" title=\"\" target=\"_blank\"><i class=\"vc_btn3-icon fas fa-play-circle\"><\/i> VIDEO PRE-ETUDE<\/a><\/div><\/div><\/div><\/div><\/div><\/div><\/div><\/div><\/div><\/div><\/div><\/div>\n<\/div>","protected":false},"excerpt":{"rendered":"En 2020, environ une personne sur quatre n'avait&nbsp;pas acc\u00e8s&nbsp;\u00e0 de l'eau potable&nbsp;\u00e0 son domicile et pr\u00e8s de la moiti\u00e9 de la&nbsp;population mondiale \u00e9tait priv\u00e9e de services d'assainissement.&nbsp;Sans progr\u00e8s plus rapides, des milliards de personnes n\u2019auront pas acc\u00e8s \u00e0 l\u2019eau salubre et aux services d\u2019assainissement en 2030. Il est urgent d'agir avec des solutions faciles \u00e0 [...]","protected":false},"author":1,"featured_media":0,"parent":0,"menu_order":0,"comment_status":"closed","ping_status":"closed","template":"","meta":{"ngg_post_thumbnail":0,"footnotes":""},"class_list":["post-24","page","type-page","status-publish","hentry"],"_links":{"self":[{"href":"https:\/\/airlife-asso.org\/en\/wp-json\/wp\/v2\/pages\/24","targetHints":{"allow":["GET"]}}],"collection":[{"href":"https:\/\/airlife-asso.org\/en\/wp-json\/wp\/v2\/pages"}],"about":[{"href":"https:\/\/airlife-asso.org\/en\/wp-json\/wp\/v2\/types\/page"}],"author":[{"embeddable":true,"href":"https:\/\/airlife-asso.org\/en\/wp-json\/wp\/v2\/users\/1"}],"replies":[{"embeddable":true,"href":"https:\/\/airlife-asso.org\/en\/wp-json\/wp\/v2\/comments?post=24"}],"version-history":[{"count":66,"href":"https:\/\/airlife-asso.org\/en\/wp-json\/wp\/v2\/pages\/24\/revisions"}],"predecessor-version":[{"id":1073,"href":"https:\/\/airlife-asso.org\/en\/wp-json\/wp\/v2\/pages\/24\/revisions\/1073"}],"wp:attachment":[{"href":"https:\/\/airlife-asso.org\/en\/wp-json\/wp\/v2\/media?parent=24"}],"curies":[{"name":"wp","href":"https:\/\/api.w.org\/{rel}","templated":true}]}}