{"id":403,"date":"2023-12-10T23:52:03","date_gmt":"2023-12-10T22:52:03","guid":{"rendered":"https:\/\/airlife-asso.org\/?page_id=403"},"modified":"2025-09-24T12:42:33","modified_gmt":"2025-09-24T10:42:33","slug":"togo-agotove","status":"publish","type":"page","link":"https:\/\/airlife-asso.org\/en\/togo-agotove","title":{"rendered":"Togo - Canton of Nots\u00e8"},"content":{"rendered":"<div class=\"wpb-content-wrapper\"><div class=\"vc_wpb_row_inner\"><div class=\"vc_row wpb_row vc_row-fluid row-container\"><div class=\"container\"><div class=\"row\"><div class=\"wpb_column vc_column_container vc_col-sm-6\"><div class=\"vc_column-inner\"><div class=\"wpb_wrapper\">\n\t<div  class=\"wpb_single_image wpb_content_element vc_align_left wpb_content_element vc_custom_1702246812133\">\n\t\t\n\t\t<figure class=\"wpb_wrapper vc_figure\">\n\t\t\t<div class=\"vc_single_image-wrapper   vc_box_border_grey\"><img decoding=\"async\" width=\"500\" height=\"375\" src=\"https:\/\/airlife-asso.org\/wp-content\/uploads\/2023\/12\/P1000185WEB.jpg\" class=\"vc_single_image-img attachment-medium\" alt=\"\" title=\"P1000185WEB\" \/><\/div>\n\t\t<\/figure>\n\t<\/div>\n\n\t<div  class=\"wpb_single_image wpb_content_element vc_align_left wpb_content_element vc_custom_1702246831300\">\n\t\t\n\t\t<figure class=\"wpb_wrapper vc_figure\">\n\t\t\t<div class=\"vc_single_image-wrapper   vc_box_border_grey\"><img decoding=\"async\" width=\"500\" height=\"375\" src=\"https:\/\/airlife-asso.org\/wp-content\/uploads\/2023\/12\/P1000211WEB.jpg\" class=\"vc_single_image-img attachment-medium\" alt=\"\" title=\"P1000211WEB\" \/><\/div>\n\t\t<\/figure>\n\t<\/div>\n<\/div><\/div><\/div><div class=\"wpb_column vc_column_container vc_col-sm-6\"><div class=\"vc_column-inner\"><div class=\"wpb_wrapper\">\n\t<div class=\"wpb_text_column wpb_content_element\" >\n\t\t<div class=\"wpb_wrapper\">\n\t\t\t<h2><span style=\"color: #000000;\"><strong>Access to drinking water in the village of Agotov\u00e9, where there is neither water nor electricity.<\/strong><\/span><\/h2>\n<p><span style=\"font-weight: 400; color: #000000;\">Following an in-depth diagnosis carried out in August 2023, we identified the village of Agotov\u00e9 as the best place to ensure the long-term use and maintenance of our solutions, and to replicate the project on a larger scale in other villages.<\/span><\/p>\n<p>&nbsp;<\/p>\n<p><span style=\"color: #000000;\"><b>Agotov\u00e9, a timeless village<\/b><\/span><\/p>\n<p><span style=\"font-weight: 400; color: #000000;\">This village of around 900 inhabitants, several kilometers from Nots\u00e9 via a track, is the most deprived of the villages we visited. This is a village where there is very little rural exodus, even among the young. There's no running water, no electricity, no latrines and no health center. Water from the distant river \"decants\" before being consumed without filtration or modern chlorination, causing diarrhoea, cholera and dysentery.<\/span><\/p>\n<p><span style=\"font-weight: 400; color: #000000;\">Of the 3 boreholes drilled, only one is functional (PMH, human-powered pump), and the water table is increasingly dry.<\/span><\/p>\n<p><span style=\"font-weight: 400; color: #000000;\">The very first borehole dates back to 1985 and has dried up. The latest borehole has been drilled, but has not yet been pumped and is quite a long way from the consumption areas. There are no watercourses near the village either.<\/span><\/p>\n<p><span style=\"font-weight: 400; color: #000000;\">Here, fetching water is a chore, usually done by teachers and schoolchildren every day before going to school. What's more, some inhabitants of the surrounding villages also use the only operational water point.<\/span><\/p>\n<p><span style=\"font-weight: 400; color: #000000;\">The village has 8 classrooms representing around 400 pupils.<\/span><\/p>\n<p><span style=\"font-weight: 400; color: #000000;\">In terms of sanitation, DAL accounts for 100% of usage. There are no latrines, either family or collective. Inhabitants unanimously wish to have ECOSAN-type latrines for groups of 5\/6 neighbors, rather than collective latrines.<\/span><\/p>\n\n\t\t<\/div>\n\t<\/div>\n<\/div><\/div><\/div><\/div><\/div><\/div><\/div><div class=\"vc_wpb_row_inner\"><div class=\"vc_row wpb_row vc_row-fluid row-container\"><div class=\"container\"><div class=\"row\"><div class=\"wpb_column vc_column_container vc_col-sm-12\"><div class=\"vc_column-inner\"><div class=\"wpb_wrapper\">\n\t<div class=\"wpb_text_column wpb_content_element\" >\n\t\t<div class=\"wpb_wrapper\">\n\t\t\t<p><span style=\"color: #000000;\"><b>A vital project in 5 stages<\/b><\/span><\/p>\n<p><span style=\"font-weight: 400; color: #000000;\">The plan is to deploy more Atmospheric Water Generators, each producing 30 liters of water a day, on a larger scale, based on a photovoltaic energy system.<\/span><\/p>\n\n\t\t<\/div>\n\t<\/div>\n<div class=\"vc_row wpb_row vc_inner vc_row-fluid vc_custom_1702388696008\"><div class=\"wpb_column vc_column_container vc_col-sm-3\"><div class=\"vc_column-inner\"><div class=\"wpb_wrapper\">\n\t<div class=\"wpb_text_column wpb_content_element\" >\n\t\t<div class=\"wpb_wrapper\">\n\t\t\t<p><span style=\"color: #000000;\"><strong>Step 1<\/strong> : <span style=\"font-weight: 400;\">Hygiene awareness<\/span><\/span><\/p>\n\n\t\t<\/div>\n\t<\/div>\n<\/div><\/div><\/div><div class=\"wpb_column vc_column_container vc_col-sm-9\"><div class=\"vc_column-inner\"><div class=\"wpb_wrapper\">\n\t<div  class=\"wpb_single_image wpb_content_element vc_align_left wpb_content_element\">\n\t\t\n\t\t<figure class=\"wpb_wrapper vc_figure\">\n\t\t\t<div class=\"vc_single_image-wrapper   vc_box_border_grey\"><img decoding=\"async\" width=\"750\" height=\"510\" src=\"https:\/\/airlife-asso.org\/wp-content\/uploads\/2023\/12\/sensibilisation-hygiene-6-750x510.jpg\" class=\"vc_single_image-img attachment-medium\" alt=\"\" title=\"hygiene awareness 6\" \/><\/div>\n\t\t<\/figure>\n\t<\/div>\n<\/div><\/div><\/div><\/div><div class=\"vc_row wpb_row vc_inner vc_row-fluid vc_custom_1702388669929\"><div class=\"wpb_column vc_column_container vc_col-sm-3\"><div class=\"vc_column-inner\"><div class=\"wpb_wrapper\">\n\t<div class=\"wpb_text_column wpb_content_element\" >\n\t\t<div class=\"wpb_wrapper\">\n\t\t\t<p><span style=\"color: #000000;\"><strong>Step 2<\/strong> : <span style=\"font-weight: 400;\">&nbsp;Consultation with villagers to choose latrine locations<\/span><\/span><\/p>\n\n\t\t<\/div>\n\t<\/div>\n<\/div><\/div><\/div><div class=\"wpb_column vc_column_container vc_col-sm-9\"><div class=\"vc_column-inner\"><div class=\"wpb_wrapper\">\n\t<div  class=\"wpb_single_image wpb_content_element vc_align_left wpb_content_element\">\n\t\t\n\t\t<figure class=\"wpb_wrapper vc_figure\">\n\t\t\t<div class=\"vc_single_image-wrapper   vc_box_border_grey\"><img decoding=\"async\" width=\"750\" height=\"510\" src=\"https:\/\/airlife-asso.org\/wp-content\/uploads\/2023\/12\/choix-emplacements-1-750x510.jpg\" class=\"vc_single_image-img attachment-medium\" alt=\"\" title=\"choice of locations 1\" \/><\/div>\n\t\t<\/figure>\n\t<\/div>\n<\/div><\/div><\/div><\/div><div class=\"vc_row wpb_row vc_inner vc_row-fluid vc_custom_1702388656695\"><div class=\"wpb_column vc_column_container vc_col-sm-3\"><div class=\"vc_column-inner\"><div class=\"wpb_wrapper\">\n\t<div class=\"wpb_text_column wpb_content_element\" >\n\t\t<div class=\"wpb_wrapper\">\n\t\t\t<p><span style=\"color: #000000;\"><strong>Step 3<\/strong> : <span style=\"font-weight: 400;\"> Construction of the first latrines<\/span><\/span><\/p>\n\n\t\t<\/div>\n\t<\/div>\n<\/div><\/div><\/div><div class=\"wpb_column vc_column_container vc_col-sm-9\"><div class=\"vc_column-inner\"><div class=\"wpb_wrapper\">\n\t<div  class=\"wpb_single_image wpb_content_element vc_align_left wpb_content_element\">\n\t\t\n\t\t<figure class=\"wpb_wrapper vc_figure\">\n\t\t\t<div class=\"vc_single_image-wrapper   vc_box_border_grey\"><img decoding=\"async\" width=\"750\" height=\"510\" src=\"https:\/\/airlife-asso.org\/wp-content\/uploads\/2024\/05\/OKWhatsApp-Image-2024-02-08-at-14.35.26-1-750x510.jpeg\" class=\"vc_single_image-img attachment-medium\" alt=\"\" title=\"OKWhatsApp Image 2024-02-08 at 14.35.26 (1)\" \/><\/div>\n\t\t<\/figure>\n\t<\/div>\n<\/div><\/div><\/div><\/div><div class=\"vc_row wpb_row vc_inner vc_row-fluid vc_custom_1702388656695\"><div class=\"wpb_column vc_column_container vc_col-sm-3\"><div class=\"vc_column-inner\"><div class=\"wpb_wrapper\">\n\t<div class=\"wpb_text_column wpb_content_element\" >\n\t\t<div class=\"wpb_wrapper\">\n\t\t\t<p><span style=\"color: #000000;\"><strong>Step 4<\/strong> : Installation of <span style=\"font-weight: 400;\">4 Atmospheric water generators in the AMAKPAPE, DALIA, KLOEGNAME and ATCHAVE health centers.<\/span><\/span><\/p>\n\n\t\t<\/div>\n\t<\/div>\n<\/div><\/div><\/div><div class=\"wpb_column vc_column_container vc_col-sm-9\"><div class=\"vc_column-inner\"><div class=\"wpb_wrapper\">\n\t<div  class=\"wpb_single_image wpb_content_element vc_align_left wpb_content_element\">\n\t\t\n\t\t<figure class=\"wpb_wrapper vc_figure\">\n\t\t\t<div class=\"vc_single_image-wrapper   vc_box_border_grey\"><img decoding=\"async\" width=\"750\" height=\"510\" src=\"https:\/\/airlife-asso.org\/wp-content\/uploads\/2024\/02\/WhatsApp-Image-2024-02-08-at-14.39.41-750x510.jpeg\" class=\"vc_single_image-img attachment-medium\" alt=\"\" title=\"WhatsApp-Image-2024-02-08-at-14.39.41\" \/><\/div>\n\t\t<\/figure>\n\t<\/div>\n<\/div><\/div><\/div><\/div><div class=\"vc_row wpb_row vc_inner vc_row-fluid vc_custom_1702388656695\"><div class=\"wpb_column vc_column_container vc_col-sm-3\"><div class=\"vc_column-inner\"><div class=\"wpb_wrapper\">\n\t<div class=\"wpb_text_column wpb_content_element\" >\n\t\t<div class=\"wpb_wrapper\">\n\t\t\t<p><span style=\"color: #000000;\"><strong>Step 5<\/strong> : <span style=\"font-weight: 400;\">5 new Atmospheric Water Generators in the Agotov\u00e9 school, operating independently thanks to a photovoltaic system financed by the Group. <strong>Airlife<\/strong>&nbsp;and the<strong> department 13. <\/strong><\/span><\/span><\/p>\n\n\t\t<\/div>\n\t<\/div>\n\n\t<div  class=\"wpb_single_image wpb_content_element vc_align_left wpb_content_element\">\n\t\t\n\t\t<figure class=\"wpb_wrapper vc_figure\">\n\t\t\t<div class=\"vc_single_image-wrapper   vc_box_border_grey\"><img decoding=\"async\" width=\"180\" height=\"180\" src=\"https:\/\/airlife-asso.org\/wp-content\/uploads\/2023\/12\/toiture-5-180x180.jpg\" class=\"vc_single_image-img attachment-thumbnail\" alt=\"\" title=\"roof-5\" \/><\/div>\n\t\t<\/figure>\n\t<\/div>\n<\/div><\/div><\/div><div class=\"wpb_column vc_column_container vc_col-sm-9\"><div class=\"vc_column-inner\"><div class=\"wpb_wrapper\">\n\t<div  class=\"wpb_single_image wpb_content_element vc_align_left wpb_content_element\">\n\t\t\n\t\t<figure class=\"wpb_wrapper vc_figure\">\n\t\t\t<div class=\"vc_single_image-wrapper   vc_box_border_grey\"><img decoding=\"async\" width=\"750\" height=\"510\" src=\"https:\/\/airlife-asso.org\/wp-content\/uploads\/2024\/05\/WhatsApp-Image-2024-04-27-at-10.48.23-1OK-750x510.jpeg\" class=\"vc_single_image-img attachment-medium\" alt=\"\" title=\"WhatsApp-Image-2024-04-27-at-10.48.23-1OK\" \/><\/div>\n\t\t<\/figure>\n\t<\/div>\n<\/div><\/div><\/div><\/div><\/div><\/div><\/div><div class=\"wpb_column vc_column_container vc_col-sm-12\"><div class=\"vc_column-inner\"><div class=\"wpb_wrapper\"><div class=\"vc_row wpb_row vc_inner vc_row-fluid\"><div class=\"wpb_column vc_column_container vc_col-sm-12\"><div class=\"vc_column-inner\"><div class=\"wpb_wrapper\"><div class=\"vc_btn3-container vc_btn3-center vc_custom_1716986530507 vc_do_btn\" ><a class=\"vc_general vc_btn3 vc_btn3-size-md vc_btn3-shape-rounded vc_btn3-style-modern vc_btn3-icon-left vc_btn3-color-grey\" href=\"https:\/\/airlife-asso.org\/en\/photos\/\" title=\"Some photos of our Actions\"><i class=\"vc_btn3-icon fas fa-camera\"><\/i> More photos of our actions<\/a><\/div><\/div><\/div><\/div><\/div>\n\t<div class=\"wpb_text_column wpb_content_element\" >\n\t\t<div class=\"wpb_wrapper\">\n\t\t\t<p>&nbsp;<\/p>\n<p><span style=\"text-decoration: underline;\"><span style=\"color: #000000;\"><strong>COMING SOON!<\/strong><\/span><\/span><\/p>\n<p><span style=\"font-size: 14pt;\"><strong><span style=\"color: #000000;\">Study of a more ambitious project in the village &gt; 15 additional latrines and an Atmospheric Water Generator, with a production capacity up to <span style=\"text-decoration: underline;\">500 liters per day<\/span>powered by photovoltaic panels. This installation would eliminate the need to fetch water from the existing hand-pumped borehole (PMH), which is often dry and polluted with nitrates, and whose water quality is subject to very little analysis.<\/span><\/strong><\/span><\/p>\n\n\t\t<\/div>\n\t<\/div>\n<div class=\"vc_row wpb_row vc_inner vc_row-fluid\"><div class=\"wpb_column vc_column_container vc_col-sm-12\"><div class=\"vc_column-inner\"><div class=\"wpb_wrapper\">\n\t<div class=\"wpb_text_column wpb_content_element\" >\n\t\t<div class=\"wpb_wrapper\">\n\t\t\t<h2 style=\"text-align: center;\">THEY SUPPORT US<\/h2>\n\n\t\t<\/div>\n\t<\/div>\n<\/div><\/div><\/div><\/div><div class=\"vc_row wpb_row vc_inner vc_row-fluid\"><div class=\"wpb_column vc_column_container vc_col-sm-3\"><div class=\"vc_column-inner\"><div class=\"wpb_wrapper\">\n\t<div  class=\"wpb_single_image wpb_content_element vc_align_center wpb_content_element\">\n\t\t\n\t\t<figure class=\"wpb_wrapper vc_figure\">\n\t\t\t<div class=\"vc_single_image-wrapper   vc_box_border_grey\"><img decoding=\"async\" width=\"180\" height=\"122\" src=\"https:\/\/airlife-asso.org\/wp-content\/uploads\/2023\/11\/3-180x122.png\" class=\"vc_single_image-img attachment-thumbnail\" alt=\"\" title=\"3\" \/><\/div>\n\t\t<\/figure>\n\t<\/div>\n<\/div><\/div><\/div><div class=\"wpb_column vc_column_container vc_col-sm-3\"><div class=\"vc_column-inner\"><div class=\"wpb_wrapper\">\n\t<div  class=\"wpb_single_image wpb_content_element vc_align_left wpb_content_element vc_custom_1702388465579\">\n\t\t\n\t\t<figure class=\"wpb_wrapper vc_figure\">\n\t\t\t<div class=\"vc_single_image-wrapper   vc_box_border_grey\"><img decoding=\"async\" width=\"180\" height=\"97\" src=\"https:\/\/airlife-asso.org\/wp-content\/uploads\/2023\/12\/2V4-180x97.jpg\" class=\"vc_single_image-img attachment-thumbnail\" alt=\"\" title=\"2V4\" \/><\/div>\n\t\t<\/figure>\n\t<\/div>\n<\/div><\/div><\/div><div class=\"wpb_column vc_column_container vc_col-sm-3\"><div class=\"vc_column-inner\"><div class=\"wpb_wrapper\">\n\t<div  class=\"wpb_single_image wpb_content_element vc_align_left wpb_content_element vc_custom_1702388508200\">\n\t\t\n\t\t<figure class=\"wpb_wrapper vc_figure\">\n\t\t\t<div class=\"vc_single_image-wrapper   vc_box_border_grey\"><img decoding=\"async\" width=\"180\" height=\"108\" src=\"https:\/\/airlife-asso.org\/wp-content\/uploads\/2023\/12\/1V4.jpg\" class=\"vc_single_image-img attachment-thumbnail\" alt=\"\" title=\"1V4\" \/><\/div>\n\t\t<\/figure>\n\t<\/div>\n<\/div><\/div><\/div><div class=\"wpb_column vc_column_container vc_col-sm-3\"><div class=\"vc_column-inner\"><div class=\"wpb_wrapper\">\n\t<div  class=\"wpb_single_image wpb_content_element vc_align_left wpb_content_element\">\n\t\t\n\t\t<figure class=\"wpb_wrapper vc_figure\">\n\t\t\t<div class=\"vc_single_image-wrapper   vc_box_border_grey\"><img decoding=\"async\" width=\"180\" height=\"122\" src=\"https:\/\/airlife-asso.org\/wp-content\/uploads\/2023\/11\/4-180x122.png\" class=\"vc_single_image-img attachment-thumbnail\" alt=\"\" title=\"4\" \/><\/div>\n\t\t<\/figure>\n\t<\/div>\n<\/div><\/div><\/div><\/div><\/div><\/div><\/div><div class=\"wpb_column vc_column_container vc_col-sm-12\"><div class=\"vc_column-inner\"><div class=\"wpb_wrapper\"><\/div><\/div><\/div><\/div><\/div><\/div><\/div><div class=\"vc_wpb_row_inner\"><div class=\"vc_row wpb_row vc_row-fluid row-container\"><div class=\"container\"><div class=\"row\"><div class=\"wpb_column vc_column_container vc_col-sm-4\"><div class=\"vc_column-inner\"><div class=\"wpb_wrapper\">\n\t<div  class=\"wpb_single_image wpb_content_element vc_align_left wpb_content_element\">\n\t\t\n\t\t<figure class=\"wpb_wrapper vc_figure\">\n\t\t\t<div class=\"vc_single_image-wrapper   vc_box_border_grey\"><img decoding=\"async\" width=\"500\" height=\"375\" src=\"https:\/\/airlife-asso.org\/wp-content\/uploads\/2023\/12\/REUNION2WEB.jpg\" class=\"vc_single_image-img attachment-medium\" alt=\"\" title=\"REUNION2WEB\" \/><\/div>\n\t\t<\/figure>\n\t<\/div>\n<\/div><\/div><\/div><div class=\"wpb_column vc_column_container vc_col-sm-4\"><div class=\"vc_column-inner\"><div class=\"wpb_wrapper\"><section class=\"vc_cta3-container\"><div class=\"vc_general vc_do_cta3 vc_cta3 vc_cta3-style-classic vc_cta3-shape-rounded vc_cta3-align-center vc_cta3-color-classic vc_cta3-icon-size-md vc_cta3-actions-bottom\"><div class=\"vc_cta3_content-container\"><div class=\"vc_cta3-content\"><header class=\"vc_cta3-content-header\"><h2>WANT TO SUPPORT THIS PROJECT<\/h2><\/header><\/div><div class=\"vc_cta3-actions\"><style>.vc_btn3-style-gradient-custom.vc_btn-gradient-btn-69f1b181cba2c:hover{color: #000000;background-color: #fcc91b;border: none;background-position: 100% 0;}<\/style><style>.vc_btn3-style-gradient-custom.vc_btn-gradient-btn-69f1b181cba2c{color: #000000;border: none;background-color: #fcc91b;background-image: -webkit-linear-gradient(left, #fcc91b 0%, #fcc91b 50%,#fcc91b 100%);background-image: linear-gradient(to right, #fcc91b 0%, #fcc91b 50%,#fcc91b 100%);-webkit-transition: all .2s ease-in-out;transition: all .2s ease-in-out;background-size: 200% 100%;}<\/style><div class=\"vc_btn3-container vc_btn3-center vc_do_btn\" ><a data-vc-gradient-1=\"#fcc91b\" data-vc-gradient-2=\"#fcc91b\" class=\"vc_general vc_btn3 vc_btn3-size-md vc_btn3-shape-square vc_btn3-style-gradient-custom vc_btn3-icon-left vc_btn-gradient-btn-69f1b181cba2c\" href=\"https:\/\/airdrink-64841f1d0d294.assoconnect.com\/collect\/description\/323715-a-campagne-de-dons-pour-le-togo\" title=\"\"><i class=\"vc_btn3-icon fas fa-coins\"><\/i> MAKE A DONATION<\/a><\/div><\/div><\/div><\/div><\/section>\n\t<div  class=\"wpb_single_image wpb_content_element vc_align_left wpb_content_element\">\n\t\t\n\t\t<figure class=\"wpb_wrapper vc_figure\">\n\t\t\t<div class=\"vc_single_image-wrapper   vc_box_border_grey\"><img decoding=\"async\" width=\"750\" height=\"510\" src=\"https:\/\/airlife-asso.org\/wp-content\/uploads\/2023\/12\/pompe-750x510.jpg\" class=\"vc_single_image-img attachment-medium\" alt=\"\" title=\"pump\" \/><\/div>\n\t\t<\/figure>\n\t<\/div>\n<\/div><\/div><\/div><div class=\"wpb_column vc_column_container vc_col-sm-4\"><div class=\"vc_column-inner\"><div class=\"wpb_wrapper\">\n\t<div  class=\"wpb_single_image wpb_content_element vc_align_left wpb_content_element\">\n\t\t\n\t\t<figure class=\"wpb_wrapper vc_figure\">\n\t\t\t<div class=\"vc_single_image-wrapper   vc_box_border_grey\"><img decoding=\"async\" width=\"500\" height=\"375\" src=\"https:\/\/airlife-asso.org\/wp-content\/uploads\/2023\/12\/P1000215WEB.jpg\" class=\"vc_single_image-img attachment-medium\" alt=\"\" title=\"P1000215WEB\" \/><\/div>\n\t\t<\/figure>\n\t<\/div>\n<\/div><\/div><\/div><\/div><\/div><\/div><\/div>\n<\/div>","protected":false},"excerpt":{"rendered":"Acc\u00e8s \u00e0 l'eau potable dans le village d'Agotov\u00e9 o\u00f9 il n'y a ni eau ni \u00e9lectricit\u00e9 Suite \u00e0 un diagnostic approfondi r\u00e9alis\u00e9 en Ao\u00fbt 2023, afin de p\u00e9renniser l\u2019usage et la maintenance de nos solutions, et de reproduire le projet \u00e0 plus grande \u00e9chelle dans d\u2019autres villages, nous avons identifi\u00e9 le village d\u2019Agotov\u00e9. &nbsp; Agotov\u00e9, [...]","protected":false},"author":1,"featured_media":0,"parent":0,"menu_order":0,"comment_status":"closed","ping_status":"closed","template":"","meta":{"ngg_post_thumbnail":0,"footnotes":""},"class_list":["post-403","page","type-page","status-publish","hentry"],"_links":{"self":[{"href":"https:\/\/airlife-asso.org\/en\/wp-json\/wp\/v2\/pages\/403","targetHints":{"allow":["GET"]}}],"collection":[{"href":"https:\/\/airlife-asso.org\/en\/wp-json\/wp\/v2\/pages"}],"about":[{"href":"https:\/\/airlife-asso.org\/en\/wp-json\/wp\/v2\/types\/page"}],"author":[{"embeddable":true,"href":"https:\/\/airlife-asso.org\/en\/wp-json\/wp\/v2\/users\/1"}],"replies":[{"embeddable":true,"href":"https:\/\/airlife-asso.org\/en\/wp-json\/wp\/v2\/comments?post=403"}],"version-history":[{"count":35,"href":"https:\/\/airlife-asso.org\/en\/wp-json\/wp\/v2\/pages\/403\/revisions"}],"predecessor-version":[{"id":959,"href":"https:\/\/airlife-asso.org\/en\/wp-json\/wp\/v2\/pages\/403\/revisions\/959"}],"wp:attachment":[{"href":"https:\/\/airlife-asso.org\/en\/wp-json\/wp\/v2\/media?parent=403"}],"curies":[{"name":"wp","href":"https:\/\/api.w.org\/{rel}","templated":true}]}}