{"id":436,"date":"2023-12-22T11:45:10","date_gmt":"2023-12-22T10:45:10","guid":{"rendered":"https:\/\/airlife-asso.org\/?page_id=436"},"modified":"2025-10-15T13:03:42","modified_gmt":"2025-10-15T11:03:42","slug":"rapport-activite","status":"publish","type":"page","link":"https:\/\/airlife-asso.org\/en\/rapport-activite","title":{"rendered":"Activity reports"},"content":{"rendered":"<div class=\"wpb-content-wrapper\"><div class=\"vc_wpb_row_inner\"><div class=\"vc_row wpb_row vc_row-fluid row-container\"><div class=\"container\"><div class=\"row\"><div class=\"wpb_column vc_column_container vc_col-sm-12\"><div class=\"vc_column-inner\"><div class=\"wpb_wrapper\">\n\t<div class=\"wpb_text_column wpb_content_element\" >\n\t\t<div class=\"wpb_wrapper\">\n\t\t\t<h2>Activity Report 2024:<\/h2>\n<h2>In 2024 Airlife consolidates the deployment of Atmospheric water generators and begins a major project: 500 liters of water per day In the center of the village of Agotov\u00e9<\/h2>\n<p><span style=\"color: #000000;\">This year of 2024 has enabled us to analyze the initial feedback, consolidate the maintenance of the first 10 generators and begin a higher-impact project in the center of the village of Agotov\u00e9 in Togo.<\/span><\/p>\n<p><span style=\"color: #000000;\">.<img decoding=\"async\" class=\"alignnone size-medium wp-image-760\" src=\"https:\/\/airlife-asso.org\/wp-content\/uploads\/2024\/05\/WhatsApp-Image-2024-04-27-at-10.48.25-4OK-750x510.jpeg\" alt=\"\" width=\"750\" height=\"510\"><\/span><\/p>\n\n\t\t<\/div>\n\t<\/div>\n<section class=\"vc_cta3-container\"><div class=\"vc_general vc_do_cta3 vc_cta3 vc_cta3-style-classic vc_cta3-shape-rounded vc_cta3-align-left vc_cta3-color-turquoise vc_cta3-icon-size-md vc_cta3-actions-left\"><div class=\"vc_cta3_content-container\"><div class=\"vc_cta3-actions\"><div class=\"vc_btn3-container vc_btn3-inline vc_do_btn\" ><a class=\"vc_general vc_btn3 vc_btn3-size-md vc_btn3-shape-rounded vc_btn3-style-modern vc_btn3-color-grey\" href=\"https:\/\/airlife-asso.org\/wp-content\/uploads\/2025\/10\/Airdrink.org-rapport-activite-2024.pdf\" title=\"Activity Report 2024\">Click here<\/a><\/div><\/div><div class=\"vc_cta3-content\"><header class=\"vc_cta3-content-header\"><h2>Download the 2024 Activity Report<\/h2><\/header><\/div><\/div><\/div><\/section>\n\t<div class=\"wpb_text_column wpb_content_element\" >\n\t\t<div class=\"wpb_wrapper\">\n\t\t\t<h2>&nbsp;<\/h2>\n<p>&nbsp;<\/p>\n<h2>&nbsp;<\/h2>\n<h2>THIS FIRST ACTIVITY REPORT IS HIGHLY SYMBOLIC!<\/h2>\n<p><strong><span style=\"color: #000000;\">2023 is the year in which the first projects will be completed and operations launched on site. Great victories, and this is just the beginning.<\/span><\/strong><\/p>\n<p><span style=\"font-weight: 400; color: #000000;\">Dedicated to an exciting retrospective of the past year, as you turn the pages, you'll discover a captivating account of our achievements, the challenges we overcame and the highlights that marked our year.<\/span><\/p>\n<p><span style=\"font-weight: 400; color: #000000;\">This report is more than just a compilation of facts and figures. It embodies the unwavering commitment of our team and the invaluable partners who have helped us achieve our goals. Every project, every initiative, every smile shared tells a story of passion, impact and progress.<\/span><\/p>\n<p><span style=\"font-weight: 400; color: #000000;\">We invite you to immerse yourself in these pages, exploring the successes along the way and learning from the challenges. This report is a reflection of our transparency, our responsibility and our constant desire to make a positive difference.<\/span><\/p>\n<p><span style=\"font-weight: 400; color: #000000;\">Beyond the statistics, it's the vibrant soul of our association that you'll discover here. We hope you find it as inspiring as our work inspires us every day. Thank you for sharing this adventure with us, as each page turned represents another step towards a future we're building together.<\/span><\/p>\n<p><span style=\"font-weight: 400; color: #000000;\">As you explore this document, we hope you'll feel the energy that drives our association and be inspired by our shared vision. Thank you for joining us in this retrospective, as each year reported represents a crucial milestone in our collective journey.<\/span><\/p>\n<p>&nbsp;<\/p>\n\n\t\t<\/div>\n\t<\/div>\n<div class=\"vc_row wpb_row vc_inner vc_row-fluid\"><div class=\"wpb_column vc_column_container vc_col-sm-6\"><div class=\"vc_column-inner\"><div class=\"wpb_wrapper\">\n\t<div  class=\"wpb_single_image wpb_content_element vc_align_left wpb_content_element\">\n\t\t\n\t\t<figure class=\"wpb_wrapper vc_figure\">\n\t\t\t<div class=\"vc_single_image-wrapper   vc_box_border_grey\"><img decoding=\"async\" width=\"500\" height=\"375\" src=\"https:\/\/airlife-asso.org\/wp-content\/uploads\/2023\/12\/P1000161-web.jpg\" class=\"vc_single_image-img attachment-medium\" alt=\"\" title=\"P1000161-web\" \/><\/div>\n\t\t<\/figure>\n\t<\/div>\n<\/div><\/div><\/div><div class=\"wpb_column vc_column_container vc_col-sm-6\"><div class=\"vc_column-inner\"><div class=\"wpb_wrapper\"><section class=\"vc_cta3-container\"><div class=\"vc_general vc_do_cta3 vc_cta3 vc_cta3-style-classic vc_cta3-shape-rounded vc_cta3-align-left vc_cta3-color-classic vc_cta3-icon-size-md vc_cta3-actions-bottom\"><div class=\"vc_cta3_content-container\"><div class=\"vc_cta3-content\"><header class=\"vc_cta3-content-header\"><h2>Download the 2023 report<\/h2><\/header><\/div><div class=\"vc_cta3-actions\"><div class=\"vc_btn3-container vc_btn3-inline vc_do_btn\" ><a class=\"vc_general vc_btn3 vc_btn3-size-md vc_btn3-shape-rounded vc_btn3-style-modern vc_btn3-icon-left vc_btn3-color-grey\" href=\"https:\/\/airlife-asso.org\/wp-content\/uploads\/2025\/10\/Airdrink.org-rapport-activite-Oct-2022-2023.pdf\" title=\"business report 2023\" target=\"_blank\"><i class=\"vc_btn3-icon fa fa-brands fa-accessible-icon\"><\/i> click here<\/a><\/div><\/div><\/div><\/div><\/section><\/div><\/div><\/div><\/div><\/div><\/div><\/div><\/div><\/div><\/div><\/div>\n<\/div>","protected":false},"excerpt":{"rendered":"Rapport d'Activit\u00e9s 2024: En 2024 Airlife consolide le d\u00e9ploiement de g\u00e9n\u00e9rateurs d'eau Atmosph\u00e9rique et commence un projet d'envergure: 500 litres d'eau par jour Au centre du village d'Agotov\u00e9 Cette ann\u00e9e 2024 nous a permis d'analyser les premiers retours d'exp\u00e9rience, de consolider la maintenance des 10 premiers g\u00e9n\u00e9rateurs et de commencer un projet \u00e0 plus fort [...]","protected":false},"author":1,"featured_media":0,"parent":0,"menu_order":0,"comment_status":"closed","ping_status":"closed","template":"","meta":{"ngg_post_thumbnail":0,"footnotes":""},"class_list":["post-436","page","type-page","status-publish","hentry"],"_links":{"self":[{"href":"https:\/\/airlife-asso.org\/en\/wp-json\/wp\/v2\/pages\/436","targetHints":{"allow":["GET"]}}],"collection":[{"href":"https:\/\/airlife-asso.org\/en\/wp-json\/wp\/v2\/pages"}],"about":[{"href":"https:\/\/airlife-asso.org\/en\/wp-json\/wp\/v2\/types\/page"}],"author":[{"embeddable":true,"href":"https:\/\/airlife-asso.org\/en\/wp-json\/wp\/v2\/users\/1"}],"replies":[{"embeddable":true,"href":"https:\/\/airlife-asso.org\/en\/wp-json\/wp\/v2\/comments?post=436"}],"version-history":[{"count":24,"href":"https:\/\/airlife-asso.org\/en\/wp-json\/wp\/v2\/pages\/436\/revisions"}],"predecessor-version":[{"id":1015,"href":"https:\/\/airlife-asso.org\/en\/wp-json\/wp\/v2\/pages\/436\/revisions\/1015"}],"wp:attachment":[{"href":"https:\/\/airlife-asso.org\/en\/wp-json\/wp\/v2\/media?parent=436"}],"curies":[{"name":"wp","href":"https:\/\/api.w.org\/{rel}","templated":true}]}}