{"id":444,"date":"2023-12-22T12:31:19","date_gmt":"2023-12-22T11:31:19","guid":{"rendered":"https:\/\/airlife-asso.org\/?page_id=444"},"modified":"2024-02-25T08:29:44","modified_gmt":"2024-02-25T07:29:44","slug":"voyages-missions","status":"publish","type":"page","link":"https:\/\/airlife-asso.org\/en\/voyages-missions","title":{"rendered":"Mission trips"},"content":{"rendered":"<div class=\"wpb-content-wrapper\"><div class=\"vc_wpb_row_inner\"><div class=\"vc_row wpb_row vc_row-fluid row-container\"><div class=\"container\"><div class=\"row\"><div class=\"wpb_column vc_column_container vc_col-sm-12\"><div class=\"vc_column-inner\"><div class=\"wpb_wrapper\">\n\t<div class=\"wpb_text_column wpb_content_element\" >\n\t\t<div class=\"wpb_wrapper\">\n\t\t\t<p><span style=\"font-weight: 400; color: #000000;\">These special expeditions embody our commitment to crossing physical boundaries to extend our impact and contribute positively to communities around the world.<\/span><\/p>\n<p><span style=\"font-weight: 400; color: #000000;\">Our mission trips are not simply journeys, but immersive experiences where humanitarian action meets cultural discovery. Each participant becomes an ambassador of hope, bringing his or her vision and dedication where it's needed.<\/span><\/p>\n<p><span style=\"font-weight: 400; color: #000000;\">Our mission trips are designed to create meaningful links and gather data that will enable us to provide feedback on the benefits of our projects and the needs of the local population, so that we can plan further actions.<\/span><\/p>\n<p><span style=\"font-weight: 400; color: #000000;\">We believe in the power of intercultural exchange to transform lives, inspire progress and strengthen ties between peoples.<\/span><\/p>\n<p><span style=\"font-weight: 400; color: #000000;\">Join us in this altruistic adventure, where every kilometer covered is an opportunity to make a significant contribution. Together, we're shaping a world where solidarity transcends borders, and where every journey becomes a step towards a brighter future. Embark with us to experience the extraordinary and make a difference that will resonate far beyond our horizons.<\/span><\/p>\n\n\t\t<\/div>\n\t<\/div>\n<div class=\"vc_row wpb_row vc_inner vc_row-fluid\"><div class=\"wpb_column vc_column_container vc_col-sm-6\"><div class=\"vc_column-inner\"><div class=\"wpb_wrapper\">\n\t<div  class=\"wpb_single_image wpb_content_element vc_align_left wpb_content_element\">\n\t\t\n\t\t<figure class=\"wpb_wrapper vc_figure\">\n\t\t\t<div class=\"vc_single_image-wrapper   vc_box_border_grey\"><img decoding=\"async\" width=\"500\" height=\"375\" src=\"https:\/\/airlife-asso.org\/wp-content\/uploads\/2023\/12\/IMG_9938-web.jpg\" class=\"vc_single_image-img attachment-medium\" alt=\"\" title=\"IMG_9938-web\" \/><\/div>\n\t\t<\/figure>\n\t<\/div>\n<\/div><\/div><\/div><div class=\"wpb_column vc_column_container vc_col-sm-6\"><div class=\"vc_column-inner\"><div class=\"wpb_wrapper\">\n\t<div class=\"wpb_text_column wpb_content_element vc_custom_1703245389134\" >\n\t\t<div class=\"wpb_wrapper\">\n\t\t\t<h2>&gt; Mission trip already completed<\/h2>\n\n\t\t<\/div>\n\t<\/div>\n<section class=\"vc_cta3-container\"><div class=\"vc_general vc_do_cta3 vc_cta3 vc_cta3-style-classic vc_cta3-shape-rounded vc_cta3-align-left vc_cta3-color-classic vc_cta3-icon-size-md vc_cta3-actions-bottom\"><div class=\"vc_cta3_content-container\"><div class=\"vc_cta3-content\"><header class=\"vc_cta3-content-header\"><h2>Togo - August 2023 - 7 days<\/h2><\/header><p><span style=\"color: #000000;\">Visits to 6 villages in Togo ( Agotov\u00e9 \/ Amakpape \/ Atchav\u00e9 \/ Dalia \/ Kloegname \/ Nots\u00e9 ) to take stock of the situation and needs, and plan future actions for the association.<\/span><\/p>\n<\/div><div class=\"vc_cta3-actions\"><div class=\"vc_btn3-container vc_btn3-inline vc_do_btn\" ><button class=\"vc_general vc_btn3 vc_btn3-size-md vc_btn3-shape-rounded vc_btn3-style-modern vc_btn3-icon-left vc_btn3-color-grey\"><i class=\"vc_btn3-icon fas fa-upload\"><\/i> download the report (coming soon)<\/button><\/div><\/div><\/div><\/div><\/section><\/div><\/div><\/div><\/div><div class=\"vc_row wpb_row vc_inner vc_row-fluid vc_custom_1703245363111\"><div class=\"wpb_column vc_column_container vc_col-sm-6\"><div class=\"vc_column-inner\"><div class=\"wpb_wrapper\">\n\t<div class=\"wpb_text_column wpb_content_element vc_custom_1703245398962\" >\n\t\t<div class=\"wpb_wrapper\">\n\t\t\t<h2>&gt; Upcoming missions<\/h2>\n\n\t\t<\/div>\n\t<\/div>\n<section class=\"vc_cta3-container\"><div class=\"vc_general vc_do_cta3 vc_cta3 vc_cta3-style-classic vc_cta3-shape-rounded vc_cta3-align-left vc_cta3-color-classic vc_cta3-icon-size-md vc_cta3-actions-bottom\"><div class=\"vc_cta3_content-container\"><div class=\"vc_cta3-content\"><header class=\"vc_cta3-content-header\"><h2>Spring 2024 - Destination and duration to be defined<\/h2><\/header><p>Mission objectives<\/p>\n<\/div><div class=\"vc_cta3-actions\"><div class=\"vc_btn3-container vc_btn3-inline vc_do_btn\" ><a class=\"vc_general vc_btn3 vc_btn3-size-md vc_btn3-shape-rounded vc_btn3-style-modern vc_btn3-icon-left vc_btn3-color-warning\" href=\"https:\/\/airlife-asso.org\/en\/contact\/\" title=\"Contact\"><i class=\"vc_btn3-icon fas fa-angle-right\"><\/i> INTERESTED? Contact us<\/a><\/div><\/div><\/div><\/div><\/section><section class=\"vc_cta3-container\"><div class=\"vc_general vc_do_cta3 vc_cta3 vc_cta3-style-classic vc_cta3-shape-rounded vc_cta3-align-left vc_cta3-color-classic vc_cta3-icon-size-md vc_cta3-actions-bottom\"><div class=\"vc_cta3_content-container\"><div class=\"vc_cta3-content\"><header class=\"vc_cta3-content-header\"><h2>Summer 2024 - Destination and duration to be defined<\/h2><\/header><p>Mission objectives<\/p>\n<\/div><div class=\"vc_cta3-actions\"><div class=\"vc_btn3-container vc_btn3-inline vc_do_btn\" ><a class=\"vc_general vc_btn3 vc_btn3-size-md vc_btn3-shape-rounded vc_btn3-style-modern vc_btn3-icon-left vc_btn3-color-warning\" href=\"https:\/\/airlife-asso.org\/en\/contact\/\" title=\"Contact\"><i class=\"vc_btn3-icon fas fa-angle-right\"><\/i> INTERESTED? Contact us<\/a><\/div><\/div><\/div><\/div><\/section><\/div><\/div><\/div><div class=\"wpb_column vc_column_container vc_col-sm-6\"><div class=\"vc_column-inner\"><div class=\"wpb_wrapper\">\n\t<div  class=\"wpb_single_image wpb_content_element vc_align_left wpb_content_element\">\n\t\t\n\t\t<figure class=\"wpb_wrapper vc_figure\">\n\t\t\t<div class=\"vc_single_image-wrapper   vc_box_border_grey\"><img decoding=\"async\" width=\"963\" height=\"1280\" src=\"https:\/\/airlife-asso.org\/wp-content\/uploads\/2023\/12\/premiere-machine-a-Mada.jpg\" class=\"vc_single_image-img attachment-full\" alt=\"\" title=\"first machine in Mada\" \/><\/div>\n\t\t<\/figure>\n\t<\/div>\n<\/div><\/div><\/div><\/div><\/div><\/div><\/div><\/div><\/div><\/div><\/div>\n<\/div>","protected":false},"excerpt":{"rendered":"Ces exp\u00e9ditions sp\u00e9ciales incarnent notre engagement \u00e0 traverser les fronti\u00e8res physiques pour \u00e9tendre notre impact et contribuer positivement aux communaut\u00e9s du monde entier. Nos voyages missions ne sont pas simplement des p\u00e9riples, ce sont des exp\u00e9riences immersives o\u00f9 l'action humanitaire rencontre la d\u00e9couverte culturelle. Chaque participant devient un ambassadeur de l'espoir, apportant sa vision et [...]","protected":false},"author":1,"featured_media":0,"parent":0,"menu_order":0,"comment_status":"closed","ping_status":"closed","template":"","meta":{"ngg_post_thumbnail":0,"footnotes":""},"class_list":["post-444","page","type-page","status-publish","hentry"],"_links":{"self":[{"href":"https:\/\/airlife-asso.org\/en\/wp-json\/wp\/v2\/pages\/444","targetHints":{"allow":["GET"]}}],"collection":[{"href":"https:\/\/airlife-asso.org\/en\/wp-json\/wp\/v2\/pages"}],"about":[{"href":"https:\/\/airlife-asso.org\/en\/wp-json\/wp\/v2\/types\/page"}],"author":[{"embeddable":true,"href":"https:\/\/airlife-asso.org\/en\/wp-json\/wp\/v2\/users\/1"}],"replies":[{"embeddable":true,"href":"https:\/\/airlife-asso.org\/en\/wp-json\/wp\/v2\/comments?post=444"}],"version-history":[{"count":6,"href":"https:\/\/airlife-asso.org\/en\/wp-json\/wp\/v2\/pages\/444\/revisions"}],"predecessor-version":[{"id":734,"href":"https:\/\/airlife-asso.org\/en\/wp-json\/wp\/v2\/pages\/444\/revisions\/734"}],"wp:attachment":[{"href":"https:\/\/airlife-asso.org\/en\/wp-json\/wp\/v2\/media?parent=444"}],"curies":[{"name":"wp","href":"https:\/\/api.w.org\/{rel}","templated":true}]}}