{"id":58,"date":"2021-12-20T21:16:09","date_gmt":"2021-12-20T20:16:09","guid":{"rendered":"https:\/\/airlife-asso.org\/?page_id=58"},"modified":"2025-09-24T12:38:05","modified_gmt":"2025-09-24T10:38:05","slug":"a-propos","status":"publish","type":"page","link":"https:\/\/airlife-asso.org\/en\/a-propos","title":{"rendered":"About us"},"content":{"rendered":"<div class=\"wpb-content-wrapper\"><div class=\"vc_wpb_row_inner  \"><div class=\"vc_row wpb_row vc_row-fluid row-container\"><div class=\"container\"><div class=\"row \"><div class=\"wpb_column vc_column_container vc_col-sm-6\"><div class=\"vc_column-inner\"><div class=\"wpb_wrapper\">\n\t<div class=\"wpb_text_column wpb_content_element\" >\n\t\t<div class=\"wpb_wrapper\">\n\t\t\t<h3><span style=\"font-size: 18pt;\"><strong>&nbsp;AIRLIFE ASSOCIATION, C&rsquo;EST AVANT TOUT UNE HISTOIRE D&rsquo;HOMMES&#8230;DE FEMMES<\/strong><\/span><\/h3>\n<p><span style=\"color: #000000;\">Passionn\u00e9 par l\u2019Afrique, c\u2019est lors d\u2019un voyage au Mali, il y a plus de 10 ans, que Philippe est touch\u00e9 par ces femmes Dogons qui passent leur journ\u00e9e\u2026leur vie \u00e0 aller chercher de l\u2019eau. Une action vitale pour ce peuple tellement simple pour nous en occident.<\/span><\/p>\n<p><span style=\"color: #000000;\">Un voyage qui lui a permis de d\u00e9couvrir un peuple secret et presque mythique qui vit dans les falaises, dans les grottes. Une rencontre exceptionnelle o\u00f9 la pauvret\u00e9 extr\u00eame, au sens occidental du terme, contraste avec la gentillesse de la population.<\/span><\/p>\n<p><span style=\"color: #000000;\">Apr\u00e8s ces moments forts, Philippe ancre ces \u00e9v\u00e8nements dans sa m\u00e9moire tout en se disant \u00ab un jour, je ferai quelque chose pour l\u2019acc\u00e8s \u00e0 l\u2019eau \u00bb.<\/span><\/p>\n\n\t\t<\/div>\n\t<\/div>\n<\/div><\/div><\/div><div class=\"wpb_column vc_column_container vc_col-sm-6\"><div class=\"vc_column-inner\"><div class=\"wpb_wrapper\">\n\t<div  class=\"wpb_single_image wpb_content_element vc_align_left wpb_content_element\">\n\t\t\n\t\t<figure class=\"wpb_wrapper vc_figure\">\n\t\t\t<div class=\"vc_single_image-wrapper   vc_box_border_grey\"><img decoding=\"async\" width=\"600\" height=\"411\" src=\"https:\/\/airlife-asso.org\/wp-content\/uploads\/2022\/01\/T2H6TY-web.jpg\" class=\"vc_single_image-img attachment-full\" alt=\"\" title=\"Malawian woman draws water from shallow well in a village using a paint tin and rope\" \/><\/div>\n\t\t<\/figure>\n\t<\/div>\n<\/div><\/div><\/div><\/div><\/div><\/div><\/div><div class=\"vc_wpb_row_inner  vc_custom_1642782227275\"><div class=\"vc_row wpb_row vc_row-fluid row-container vc_row-o-equal-height vc_row-flex\"><div class=\"container\"><div class=\"row vc_row vc_row-o-equal-height vc_row-flex wpb_row vc_row-fluid\"><div class=\"wpb_column vc_column_container vc_col-sm-12 vc_col-has-fill\"><div class=\"vc_column-inner vc_custom_1642782096237\"><div class=\"wpb_wrapper\">\n\t<div class=\"wpb_text_column wpb_content_element vc_custom_1643190088404\" >\n\t\t<div class=\"wpb_wrapper\">\n\t\t\t<h3><span style=\"color: #000000; font-size: 18pt;\"><strong>ET CE JOUR FUT VENU !<\/strong><\/span><\/h3>\n<p><span style=\"color: #000000;\">Sa vie d\u2019homme d\u2019affaires faite, Philippe a besoin de porter un projet qui a du sens. Il embarque son ami de toujours Lionel et ils se missionnent tous les deux pour proposer des solutions viables d\u2019acc\u00e8s \u00e0 l\u2019eau potable dans les milieux tropicaux en manque d\u2019eau.<\/span><\/p>\n<p><span style=\"color: #000000;\">Aujourd\u2019hui, 30% de la population mondiale n\u2019a toujours pas&nbsp;<strong>acc\u00e8s \u00e0 l\u2019eau potable<\/strong>&nbsp;\u00e0 domicile (1). L\u2019acc\u00e8s \u00e0 l\u2019eau potable dans le monde est un des enjeux majeurs de notre soci\u00e9t\u00e9. C\u2019est devenu notre mission.<\/span><\/p>\n<p>&nbsp;<\/p>\n<p><span style=\"color: #000000;\">Hommes d\u2019action, leur objectif est de mettre en place des solutions pragmatiques, op\u00e9rationnelles et assez facile \u00e0 mettre en place. L\u2019association est plus qu\u2019atypique car elle fournit le mat\u00e9riel et l\u2019installe avec une approche tr\u00e8s p\u00e9dagogique pour rendre les populations autonomes.<\/span><\/p>\n\n\t\t<\/div>\n\t<\/div>\n<\/div><\/div><\/div><\/div><\/div><\/div><\/div><div class=\"vc_wpb_row_inner  vc_custom_1642791521356\"><div class=\"vc_row wpb_row vc_row-fluid row-container\"><div class=\"container\"><div class=\"row \"><div class=\"wpb_column vc_column_container vc_col-sm-6\"><div class=\"vc_column-inner\"><div class=\"wpb_wrapper\">\n\t<div class=\"wpb_text_column wpb_content_element\" >\n\t\t<div class=\"wpb_wrapper\">\n\t\t\t<h3><span style=\"font-size: 18pt;\">&nbsp;LES FAMEUSES MACHINES QUI TRANSFORMENT L&rsquo;AIR EN EAU POTABLE !<\/span><\/h3>\n<p><span style=\"color: #000000;\">Ces machines sont des g\u00e9n\u00e9rateurs d&rsquo;eau atmosph\u00e9rique, elles repr\u00e9sentent une perc\u00e9e technologique incroyable. Elles&nbsp; cr\u00e9ent de l&rsquo;eau potable pure et fra\u00eeche \u00e0 partir de l&rsquo;air que nous respirons.<\/span><\/p>\n<p><span style=\"color: #000000;\">L&rsquo;efficacit\u00e9 des AWG (\u00ab\u00a0Atmospheric Water Generator\u00a0\u00bb) est fonction de l&rsquo;humidit\u00e9 et de la temp\u00e9rature de l&rsquo;air. Cela signifie que plus l&rsquo;humidit\u00e9 de l&rsquo;atmosph\u00e8re est \u00e9lev\u00e9e, plus la machine produira d&rsquo;eau. L&rsquo;humidit\u00e9 fait partie du cycle hydrologique de la Terre. L&rsquo;eau produite par l&rsquo;AWG convertissant l&rsquo;humidit\u00e9 de l&rsquo;air en eau ne contient aucun contaminant, bact\u00e9rie ou autre micro-organisme.<\/span><\/p>\n<p><span style=\"color: #000000;\">Cette technologie permet d&rsquo;apporter de l&rsquo;eau potable et pure dans les endroits o\u00f9 les conditions sanitaires sont difficiles et ne permettent pas d&rsquo;alternatives comme par exemple :<\/span><\/p>\n<p><span style=\"color: #000000;\">\u00b7&nbsp; &nbsp; &nbsp; &nbsp;<strong> L\u00e0 o\u00f9 les camions d&rsquo;eau ne peuvent passer<\/strong><\/span><\/p>\n<p><span style=\"color: #000000;\">\u00b7&nbsp; &nbsp; &nbsp; &nbsp; <strong>Quand l&rsquo;eau souterraine (nappes, forages) est contamin\u00e9e<\/strong><\/span><\/p>\n<p><span style=\"color: #000000;\">\u00b7&nbsp; &nbsp; &nbsp; &nbsp; <strong>Lorsqu&rsquo;on est loin des c\u00f4tes et des usines de d\u00e9salinisation<\/strong><\/span><\/p>\n<p><span style=\"color: #000000;\">\u00b7&nbsp; &nbsp; &nbsp; &nbsp; <\/span><strong><span style=\"color: #000000;\">Lorsque l&rsquo;approvisionnement est incertain (coupure, s\u00e9cheresses<\/span>)<\/strong><\/p>\n\n\t\t<\/div>\n\t<\/div>\n<div class=\"wpb_images_carousel wpb_content_element vc_clearfix wpb_content_element\"><div class=\"wpb_wrapper\"><div id=\"vc_images-carousel-1-1777443037\" data-ride=\"vc_carousel\" data-wrap=\"false\" style=\"width: 100%;\" data-interval=\"0\" data-auto-height=\"yes\" data-mode=\"horizontal\" data-partial=\"false\" data-per-view=\"1\" data-hide-on-end=\"true\" class=\"vc_slide vc_images_carousel\"><ol class=\"vc_carousel-indicators\"><li data-target=\"#vc_images-carousel-1-1777443037\" data-slide-to=\"0\"><\/li><li data-target=\"#vc_images-carousel-1-1777443037\" data-slide-to=\"1\"><\/li><\/ol><div class=\"vc_carousel-inner\"><div class=\"vc_carousel-slideline\"><div class=\"vc_carousel-slideline-inner\"><div class=\"vc_item\"><div class=\"vc_inner\"><a class=\"\" href=\"https:\/\/airlife-asso.org\/wp-content\/uploads\/2022\/01\/drinkable-air-au-Kenya.jpg\" data-lightbox=\"lightbox[rel-58-3597716428]\"><img decoding=\"async\" width=\"650\" height=\"433\" src=\"https:\/\/airlife-asso.org\/wp-content\/uploads\/2022\/01\/drinkable-air-au-Kenya.jpg\" class=\"attachment-full\" alt=\"\" title=\"drinkable air au Kenya\" \/><\/a><\/div><\/div><div class=\"vc_item\"><div class=\"vc_inner\"><a class=\"\" href=\"https:\/\/airlife-asso.org\/wp-content\/uploads\/2022\/01\/drinkable-air-au-Kenya-3.jpg\" data-lightbox=\"lightbox[rel-58-3597716428]\"><img decoding=\"async\" width=\"650\" height=\"433\" src=\"https:\/\/airlife-asso.org\/wp-content\/uploads\/2022\/01\/drinkable-air-au-Kenya-3.jpg\" class=\"attachment-full\" alt=\"\" title=\"drinkable air au Kenya 3\" \/><\/a><\/div><\/div><\/div><\/div><\/div><a class=\"vc_left vc_carousel-control\" href=\"#vc_images-carousel-1-1777443037\" data-slide=\"prev\"><span class=\"icon-prev\"><\/span><\/a><a class=\"vc_right vc_carousel-control\" href=\"#vc_images-carousel-1-1777443037\" data-slide=\"next\"><span class=\"icon-next\"><\/span><\/a><\/div><\/div><\/div><\/div><\/div><\/div><div class=\"wpb_column vc_column_container vc_col-sm-6\"><div class=\"vc_column-inner vc_custom_1642782779299\"><div class=\"wpb_wrapper\"><div class=\"wpb_images_carousel wpb_content_element vc_clearfix wpb_content_element\"><div class=\"wpb_wrapper\"><div id=\"vc_images-carousel-2-1777443037\" data-ride=\"vc_carousel\" data-wrap=\"false\" style=\"width: 100%;\" data-interval=\"0\" data-auto-height=\"yes\" data-mode=\"horizontal\" data-partial=\"false\" data-per-view=\"1\" data-hide-on-end=\"true\" class=\"vc_slide vc_images_carousel\"><ol class=\"vc_carousel-indicators\"><li data-target=\"#vc_images-carousel-2-1777443037\" data-slide-to=\"0\"><\/li><li data-target=\"#vc_images-carousel-2-1777443037\" data-slide-to=\"1\"><\/li><\/ol><div class=\"vc_carousel-inner\"><div class=\"vc_carousel-slideline\"><div class=\"vc_carousel-slideline-inner\"><div class=\"vc_item\"><div class=\"vc_inner\"><img decoding=\"async\" width=\"1080\" height=\"1080\" src=\"https:\/\/airlife-asso.org\/wp-content\/uploads\/2022\/01\/Sans-titre-5.jpg\" class=\"attachment-full\" alt=\"\" title=\"Sans titre (5)\" \/><\/div><\/div><div class=\"vc_item\"><div class=\"vc_inner\"><img decoding=\"async\" width=\"1080\" height=\"1080\" src=\"https:\/\/airlife-asso.org\/wp-content\/uploads\/2022\/01\/1.jpg\" class=\"attachment-full\" alt=\"\" title=\"1\" \/><\/div><\/div><\/div><\/div><\/div><a class=\"vc_left vc_carousel-control\" href=\"#vc_images-carousel-2-1777443037\" data-slide=\"prev\"><span class=\"icon-prev\"><\/span><\/a><a class=\"vc_right vc_carousel-control\" href=\"#vc_images-carousel-2-1777443037\" data-slide=\"next\"><span class=\"icon-next\"><\/span><\/a><\/div><\/div><\/div>\n\t<div class=\"wpb_text_column wpb_content_element\" >\n\t\t<div class=\"wpb_wrapper\">\n\t\t\t<p><span style=\"color: #000000;\">Notre partenaire DrinkableAir a d\u00e9j\u00e0 particip\u00e9 \u00e0 des projets au Kenya.<\/span><br \/><span style=\"color: #000000;\">En f\u00e9vrier 2019, Drinkable Air Technologies a \u00e9t\u00e9 inform\u00e9e par son distributeur local k\u00e9nyan,&nbsp;qu&rsquo;une machine AWG avait \u00e9t\u00e9 accept\u00e9e comme d\u00e9monstration pour la Conf\u00e9rence des Nations Unies sur l&rsquo;environnement \u00e0 Nairobi du 11 au 15 mars 2019.<\/span><\/p>\n<p><span style=\"color: #000000;\">Le distributeur et le fabricant ont d\u00e9sign\u00e9 un lieu id\u00e9al, une \u00e9cole, afin d&rsquo;obtenir des donn\u00e9es objectives et subjectives entourant un tel placement \u00e0 partager lors de la conf\u00e9rence. David N. Wandabi, responsable des programmes \u00e9co-\u00e9coles, de l&rsquo;Organisation k\u00e9nyane pour l\u2019\u00e9ducation \u00e0 l\u2019environnement, a ensuite pr\u00e9sent\u00e9 un Mod\u00e8le C8 \u00e0 l\u2019\u00e9cole primaire de St. Mary dans le comt\u00e9 de Machakos.<\/span><\/p>\n\n\t\t<\/div>\n\t<\/div>\n<\/div><\/div><\/div><\/div><\/div><\/div><\/div><div class=\"vc_wpb_row_inner  vc_custom_1643063521398\"><div class=\"vc_row wpb_row vc_row-fluid row-container\"><div class=\"container\"><div class=\"row \"><div class=\"wpb_column vc_column_container vc_col-sm-12\"><div class=\"vc_column-inner\"><div class=\"wpb_wrapper\"><div class=\"vc_row wpb_row vc_inner vc_row-fluid\"><div class=\"wpb_column vc_column_container vc_col-sm-3\"><div class=\"vc_column-inner\"><div class=\"wpb_wrapper\"><div class=\"vc_icon_element vc_icon_element-outer vc_do_icon vc_icon_element-align-center\"><div class=\"vc_icon_element-inner vc_icon_element-color-white vc_icon_element-size-xl vc_icon_element-style- vc_icon_element-background-color-grey\" ><span class=\"vc_icon_element-icon fas fa-hands-helping\" ><\/span><\/div><\/div>\n\t<div class=\"wpb_text_column wpb_content_element\" >\n\t\t<div class=\"wpb_wrapper\">\n\t\t\t<h2 style=\"text-align: center;\"><span style=\"color: #ffffff;\">ENGAGEMENT<\/span><\/h2>\n\n\t\t<\/div>\n\t<\/div>\n<\/div><\/div><\/div><div class=\"wpb_column vc_column_container vc_col-sm-3\"><div class=\"vc_column-inner\"><div class=\"wpb_wrapper\"><div class=\"vc_icon_element vc_icon_element-outer vc_do_icon vc_icon_element-align-center\"><div class=\"vc_icon_element-inner vc_icon_element-color-white vc_icon_element-size-xl vc_icon_element-style- vc_icon_element-background-color-grey\" ><span class=\"vc_icon_element-icon fas fa-check-double\" ><\/span><\/div><\/div>\n\t<div class=\"wpb_text_column wpb_content_element\" >\n\t\t<div class=\"wpb_wrapper\">\n\t\t\t<h2 style=\"text-align: center;\"><span style=\"color: #ffffff;\">PRAGMATISME<\/span><\/h2>\n\n\t\t<\/div>\n\t<\/div>\n<\/div><\/div><\/div><div class=\"wpb_column vc_column_container vc_col-sm-3\"><div class=\"vc_column-inner\"><div class=\"wpb_wrapper\"><div class=\"vc_icon_element vc_icon_element-outer vc_do_icon vc_icon_element-align-center\"><div class=\"vc_icon_element-inner vc_icon_element-color-white vc_icon_element-size-xl vc_icon_element-style- vc_icon_element-background-color-grey\" ><span class=\"vc_icon_element-icon fas fa-users\" ><\/span><\/div><\/div>\n\t<div class=\"wpb_text_column wpb_content_element\" >\n\t\t<div class=\"wpb_wrapper\">\n\t\t\t<h2 style=\"text-align: center;\"><span style=\"color: #ffffff;\">PARTAGE<\/span><\/h2>\n\n\t\t<\/div>\n\t<\/div>\n<\/div><\/div><\/div><div class=\"wpb_column vc_column_container vc_col-sm-3\"><div class=\"vc_column-inner\"><div class=\"wpb_wrapper\"><div class=\"vc_icon_element vc_icon_element-outer vc_do_icon vc_icon_element-align-center\"><div class=\"vc_icon_element-inner vc_icon_element-color-white vc_icon_element-size-xl vc_icon_element-style- vc_icon_element-background-color-grey\" ><span class=\"vc_icon_element-icon fas fa-history\" ><\/span><\/div><\/div>\n\t<div class=\"wpb_text_column wpb_content_element\" >\n\t\t<div class=\"wpb_wrapper\">\n\t\t\t<h2 style=\"text-align: center;\"><span style=\"color: #ffffff;\">PERENNITE<\/span><\/h2>\n\n\t\t<\/div>\n\t<\/div>\n<\/div><\/div><\/div><\/div><\/div><\/div><\/div><\/div><\/div><\/div><\/div><div class=\"vc_wpb_row_inner  vc_custom_1642791535491\"><div class=\"vc_row wpb_row vc_row-fluid row-container\"><div class=\"container\"><div class=\"row \"><div class=\"wpb_column vc_column_container vc_col-sm-4\"><div class=\"vc_column-inner\"><div class=\"wpb_wrapper\">\n\t<div class=\"wpb_text_column wpb_content_element vc_custom_1698875842102\" >\n\t\t<div class=\"wpb_wrapper\">\n\t\t\t<h3><span style=\"font-size: 18pt; color: #000000;\"><strong>NOTRE AMBITION :<\/strong><\/span><\/h3>\n<ul style=\"list-style-type: circle;\">\n<li><span style=\"color: #000000;\">A court terme : mettre en place 2 projets t\u00e9moins avec 2 types de machines (moyennes et grosses production -&gt; plus de 300 litres par jour)<\/span><\/li>\n<li><span style=\"color: #000000;\">A plus long terme : d\u00e9ployer ces solutions avec le concours d&rsquo;un maximum d\u2019associations dans le monde<\/span><\/li>\n<\/ul>\n\n\t\t<\/div>\n\t<\/div>\n\n\t<div class=\"wpb_text_column wpb_content_element vc_custom_1642791452473\" >\n\t\t<div class=\"wpb_wrapper\">\n\t\t\t<h4 style=\"text-align: center;\">\u00ab\u00a0<em>40% du prix d&rsquo;achat du premier SMS de l\u2019histoire (107 000 euros), permettrait d&rsquo;alimenter 400 personnes en eau potable par jour. Le choix est vite faite pour nous et vous ? <\/em>\u00ab\u00a0<\/h4>\n\n\t\t<\/div>\n\t<\/div>\n<\/div><\/div><\/div><div class=\"wpb_column vc_column_container vc_col-sm-4\"><div class=\"vc_column-inner\"><div class=\"wpb_wrapper\">\n\t<div  class=\"wpb_single_image wpb_content_element vc_align_left wpb_content_element\">\n\t\t\n\t\t<figure class=\"wpb_wrapper vc_figure\">\n\t\t\t<div class=\"vc_single_image-wrapper   vc_box_border_grey\"><img decoding=\"async\" width=\"666\" height=\"1000\" src=\"https:\/\/airlife-asso.org\/wp-content\/uploads\/2022\/01\/A8AMT4-WEB.jpg\" class=\"vc_single_image-img attachment-full\" alt=\"\" title=\"Woman collecting water from the Baro river , Gambella , Ethiopia. Image shot 2005. Exact date unknown.\" \/><\/div>\n\t\t<\/figure>\n\t<\/div>\n<\/div><\/div><\/div><div class=\"wpb_column vc_column_container vc_col-sm-4\"><div class=\"vc_column-inner\"><div class=\"wpb_wrapper\"><div class=\"vc_btn3-container vc_btn3-left vc_do_btn\" ><a class=\"vc_general vc_btn3 vc_btn3-size-lg vc_btn3-shape-square vc_btn3-style-modern vc_btn3-block vc_btn3-icon-left vc_btn3-color-grey\" href=\"https:\/\/airdrink-64841f1d0d294.assoconnect.com\/collect\/description\/323715-a-campagne-de-dons-pour-le-togo\" title=\"\"><i class=\"vc_btn3-icon fas fa-coins\"><\/i> Faire un don<\/a><\/div><div class=\"vc_btn3-container vc_btn3-left vc_do_btn\" ><a class=\"vc_general vc_btn3 vc_btn3-size-md vc_btn3-shape-square vc_btn3-style-modern vc_btn3-block vc_btn3-icon-left vc_btn3-color-grey\" href=\"http:\/\/airlife-asso.org\/projets\" title=\"Nos projets\"><i class=\"vc_btn3-icon fas fa-arrow-alt-circle-right\"><\/i> D\u00e9couvrir nos projets<\/a><\/div><div class=\"vc_btn3-container vc_btn3-left vc_do_btn\" ><a class=\"vc_general vc_btn3 vc_btn3-size-lg vc_btn3-shape-square vc_btn3-style-modern vc_btn3-block vc_btn3-icon-left vc_btn3-color-grey\" href=\"http:\/\/airlife-asso.org\/contact\" title=\"Nos projets\"><i class=\"vc_btn3-icon fas fa-envelope\"><\/i> Nous contacter<\/a><\/div><\/div><\/div><\/div><\/div><\/div><\/div><\/div><div class=\"vc_wpb_row_inner  \"><div class=\"vc_row wpb_row vc_row-fluid row-container\"><div class=\"container\"><div class=\"row \"><div class=\"wpb_column vc_column_container vc_col-sm-12\"><div class=\"vc_column-inner\"><div class=\"wpb_wrapper\">\n\t<div class=\"wpb_text_column wpb_content_element\" >\n\t\t<div class=\"wpb_wrapper\">\n\t\t\t<p><!-- Google tag (gtag.js) --> <script async=\"\" src=\"https:\/\/www.googletagmanager.com\/gtag\/js?id=AW-11147637491\"><\/script> <script> window.dataLayer = window.dataLayer || []; function gtag(){dataLayer.push(arguments);} gtag('js', new Date()); gtag('config', 'AW-11147637491'); <\/script><\/p>\n\n\t\t<\/div>\n\t<\/div>\n<\/div><\/div><\/div><\/div><\/div><\/div><\/div><\/div>","protected":false},"excerpt":{"rendered":"&nbsp;AIRLIFE ASSOCIATION, C'EST AVANT TOUT UNE HISTOIRE D'HOMMES...DE FEMMES Passionn\u00e9 par l\u2019Afrique, c\u2019est lors d\u2019un voyage au Mali, il y a plus de 10 ans, que Philippe est touch\u00e9 par ces femmes Dogons qui passent leur journ\u00e9e\u2026leur vie \u00e0 aller chercher de l\u2019eau. Une action vitale pour ce peuple tellement simple pour nous en occident. [...]","protected":false},"author":1,"featured_media":0,"parent":0,"menu_order":0,"comment_status":"closed","ping_status":"closed","template":"","meta":{"ngg_post_thumbnail":0,"footnotes":""},"class_list":["post-58","page","type-page","status-publish","hentry"],"_links":{"self":[{"href":"https:\/\/airlife-asso.org\/en\/wp-json\/wp\/v2\/pages\/58","targetHints":{"allow":["GET"]}}],"collection":[{"href":"https:\/\/airlife-asso.org\/en\/wp-json\/wp\/v2\/pages"}],"about":[{"href":"https:\/\/airlife-asso.org\/en\/wp-json\/wp\/v2\/types\/page"}],"author":[{"embeddable":true,"href":"https:\/\/airlife-asso.org\/en\/wp-json\/wp\/v2\/users\/1"}],"replies":[{"embeddable":true,"href":"https:\/\/airlife-asso.org\/en\/wp-json\/wp\/v2\/comments?post=58"}],"version-history":[{"count":35,"href":"https:\/\/airlife-asso.org\/en\/wp-json\/wp\/v2\/pages\/58\/revisions"}],"predecessor-version":[{"id":955,"href":"https:\/\/airlife-asso.org\/en\/wp-json\/wp\/v2\/pages\/58\/revisions\/955"}],"wp:attachment":[{"href":"https:\/\/airlife-asso.org\/en\/wp-json\/wp\/v2\/media?parent=58"}],"curies":[{"name":"wp","href":"https:\/\/api.w.org\/{rel}","templated":true}]}}